{"id":9613,"date":"2022-08-24T20:56:44","date_gmt":"2022-08-24T18:56:44","guid":{"rendered":"https:\/\/permaculture-equine.fr\/?post_type=product&#038;p=9613"},"modified":"2025-06-22T13:31:19","modified_gmt":"2025-06-22T11:31:19","slug":"masterclass-gestion-holistique-des-herbages","status":"publish","type":"product","link":"https:\/\/permaculture-equine.fr\/en\/product\/masterclass-gestion-holistique-des-herbages\/","title":{"rendered":"Masterclass \u201d Gestion Holistique des Herbages \u201c"},"content":{"rendered":"<p>Cette Masterclass va vous permettre de vous engager dans une approche durable de l\u2019h\u00e9bergement de vos chevaux de fa\u00e7on \u00e0 optimiser vos ressources en herbe.<\/p>\n<p>Pour r\u00e9pondre aux besoins de vos chevaux, en fonction de la flore et des sols de vos herbages.<\/p>","protected":false},"excerpt":{"rendered":"<p>Cette Masterclass va vous permettre de vous engager dans une approche durable de l\u2019h\u00e9bergement de vos chevaux de fa\u00e7on \u00e0 optimiser vos ressources en herbe. Pour r\u00e9pondre aux besoins de vos chevaux, en fonction de la flore et des sols de vos herbages.<\/p>","protected":false},"featured_media":9543,"comment_status":"open","ping_status":"closed","template":"","meta":{"_monsterinsights_skip_tracking":false,"_monsterinsights_sitenote_active":false,"_monsterinsights_sitenote_note":"","_monsterinsights_sitenote_category":0,"_kadence_starter_templates_imported_post":false,"_kad_post_transparent":"default","_kad_post_title":"","_kad_post_layout":"default","_kad_post_sidebar_id":"","_kad_post_content_style":"default","_kad_post_vertical_padding":"default","_kad_post_feature":"","_kad_post_feature_position":"","_kad_post_header":false,"_kad_post_footer":false,"_kad_post_classname":""},"product_brand":[],"product_cat":[46,45],"product_tag":[],"class_list":{"0":"post-9613","1":"product","2":"type-product","3":"status-publish","4":"has-post-thumbnail","6":"product_cat-formations","7":"product_cat-formation-en-ligne","9":"first","10":"instock","11":"virtual","12":"sold-individually","13":"taxable","14":"purchasable","15":"product-type-course","16":"entry","17":"content-bg","18":"loop-entry"},"jetpack_sharing_enabled":true,"_links":{"self":[{"href":"https:\/\/permaculture-equine.fr\/en\/wp-json\/wp\/v2\/product\/9613","targetHints":{"allow":["GET"]}}],"collection":[{"href":"https:\/\/permaculture-equine.fr\/en\/wp-json\/wp\/v2\/product"}],"about":[{"href":"https:\/\/permaculture-equine.fr\/en\/wp-json\/wp\/v2\/types\/product"}],"replies":[{"embeddable":true,"href":"https:\/\/permaculture-equine.fr\/en\/wp-json\/wp\/v2\/comments?post=9613"}],"wp:featuredmedia":[{"embeddable":true,"href":"https:\/\/permaculture-equine.fr\/en\/wp-json\/wp\/v2\/media\/9543"}],"wp:attachment":[{"href":"https:\/\/permaculture-equine.fr\/en\/wp-json\/wp\/v2\/media?parent=9613"}],"wp:term":[{"taxonomy":"product_brand","embeddable":true,"href":"https:\/\/permaculture-equine.fr\/en\/wp-json\/wp\/v2\/product_brand?post=9613"},{"taxonomy":"product_cat","embeddable":true,"href":"https:\/\/permaculture-equine.fr\/en\/wp-json\/wp\/v2\/product_cat?post=9613"},{"taxonomy":"product_tag","embeddable":true,"href":"https:\/\/permaculture-equine.fr\/en\/wp-json\/wp\/v2\/product_tag?post=9613"}],"curies":[{"name":"wp","href":"https:\/\/api.w.org\/{rel}","templated":true}]}}