{"id":6104,"date":"2021-04-17T15:13:48","date_gmt":"2021-04-17T13:13:48","guid":{"rendered":"https:\/\/permaculture-equine.fr\/?post_type=product&#038;p=6104"},"modified":"2023-09-29T15:05:18","modified_gmt":"2023-09-29T13:05:18","slug":"module-2-initiation","status":"publish","type":"product","link":"https:\/\/permaculture-equine.fr\/en\/product\/module-2-initiation\/","title":{"rendered":"Module 2 \u2013 Initiation"},"content":{"rendered":"<p><span class=\"tojvnm2t a6sixzi8 abs2jz4q a8s20v7p t1p8iaqh k5wvi7nf q3lfd5jv pk4s997a bipmatt0 cebpdrjk qowsmv63 owwhemhu dp1hu0rb dhp61c6y iyyx5f41\">This module develops the foundations of equine permaculture :<img fetchpriority=\"high\" decoding=\"async\" class=\"size-medium wp-image-1601 alignright\" src=\"https:\/\/permaculture-equine.fr\/wp-content\/uploads\/2021\/01\/arbres-300x200.jpg\" alt=\"\" width=\"300\" height=\"200\" srcset=\"https:\/\/permaculture-equine.fr\/wp-content\/uploads\/2021\/01\/arbres-300x200.jpg 300w, https:\/\/permaculture-equine.fr\/wp-content\/uploads\/2021\/01\/arbres-1024x683.jpg 1024w, https:\/\/permaculture-equine.fr\/wp-content\/uploads\/2021\/01\/arbres-768x512.jpg 768w, https:\/\/permaculture-equine.fr\/wp-content\/uploads\/2021\/01\/arbres-1536x1024.jpg 1536w, https:\/\/permaculture-equine.fr\/wp-content\/uploads\/2021\/01\/arbres-2048x1365.jpg 2048w, https:\/\/permaculture-equine.fr\/wp-content\/uploads\/2021\/01\/arbres-600x400.jpg 600w\" sizes=\"(max-width: 300px) 100vw, 300px\" \/><\/span><\/p>\n<ul>\n<li>principles of ecology,<\/li>\n<li><span class=\"tojvnm2t a6sixzi8 abs2jz4q a8s20v7p t1p8iaqh k5wvi7nf q3lfd5jv pk4s997a bipmatt0 cebpdrjk qowsmv63 owwhemhu dp1hu0rb dhp61c6y iyyx5f41\">ethics and principles of equine permaculture,<\/span><\/li>\n<li>methods of designing an equine permaculture accommodation.<\/li>\n<\/ul>\n<p>=&gt; \u00e0 l\u2019issue de ce Module, vous serez en mesure d\u2019\u00e9laborer les grandes lignes directrices du Design de votre site.<\/p>\n<p>Ce module est compos\u00e9 de <strong>6 sections<\/strong>\u00a0bringing together theoretical courses in the form of videos and PDF files. You will have practical exercises and field trips to perform to validate the knowledge of this module. You will be guided to carry out the\u00a0<strong>Base Map<\/strong>\u00a0of your site and to start your personal investigation in order to define your project and to be able to gather all the information necessary for its future realization.<\/p>\n<p>Il est recommand\u00e9 d\u2019avoir un projet en t\u00eate, m\u00eame si ce n\u2019est pas pour tout de suite. Dans tous les cas, il est important d\u2019avoir acc\u00e8s \u00e0 une parcelle d\u2019environ\u00a0<strong>1 hectare<\/strong>\u00a0to practice.<\/p>\n<p>=&gt; Ce Module correspond \u00e0\u00a0<strong>6 semaines<\/strong>\u00a0and<em>\u00a0<\/em><strong>20 \u00e0 35 heures minimum de travail personnel (c\u2019est l\u2019\u00e9quivalent des 3 jours du stage Initiation \u00e0 la permaculture \u00e9quine au val de vie)<\/strong>.<\/p>","protected":false},"excerpt":{"rendered":"<p>Ce module d\u00e9veloppe les fondements de la permaculture \u00e9quine : principes de l\u2019\u00e9cologie, \u00e9thiques et principes de la permaculture \u00e9quine, m\u00e9thodes de conception d\u2019un h\u00e9bergement en permaculture \u00e9quine. =&gt; \u00e0 l\u2019issue de ce Module, vous serez en mesure d\u2019\u00e9laborer les grandes lignes directrices du Design de votre site. Ce module est compos\u00e9 de 6 sections\u00a0regroupant&#8230;<\/p>","protected":false},"featured_media":1601,"comment_status":"open","ping_status":"closed","template":"","meta":{"_monsterinsights_skip_tracking":false,"_monsterinsights_sitenote_active":false,"_monsterinsights_sitenote_note":"","_monsterinsights_sitenote_category":0,"_kadence_starter_templates_imported_post":false,"_kad_post_transparent":"default","_kad_post_title":"","_kad_post_layout":"default","_kad_post_sidebar_id":"","_kad_post_content_style":"default","_kad_post_vertical_padding":"default","_kad_post_feature":"","_kad_post_feature_position":"","_kad_post_header":false,"_kad_post_footer":false,"_kad_post_classname":""},"product_brand":[],"product_cat":[46,45],"product_tag":[],"class_list":{"0":"post-6104","1":"product","2":"type-product","3":"status-publish","4":"has-post-thumbnail","6":"product_cat-formations","7":"product_cat-formation-en-ligne","9":"first","10":"instock","11":"virtual","12":"sold-individually","13":"taxable","14":"purchasable","15":"product-type-course","16":"entry","17":"content-bg","18":"loop-entry"},"jetpack_sharing_enabled":true,"_links":{"self":[{"href":"https:\/\/permaculture-equine.fr\/en\/wp-json\/wp\/v2\/product\/6104","targetHints":{"allow":["GET"]}}],"collection":[{"href":"https:\/\/permaculture-equine.fr\/en\/wp-json\/wp\/v2\/product"}],"about":[{"href":"https:\/\/permaculture-equine.fr\/en\/wp-json\/wp\/v2\/types\/product"}],"replies":[{"embeddable":true,"href":"https:\/\/permaculture-equine.fr\/en\/wp-json\/wp\/v2\/comments?post=6104"}],"wp:featuredmedia":[{"embeddable":true,"href":"https:\/\/permaculture-equine.fr\/en\/wp-json\/wp\/v2\/media\/1601"}],"wp:attachment":[{"href":"https:\/\/permaculture-equine.fr\/en\/wp-json\/wp\/v2\/media?parent=6104"}],"wp:term":[{"taxonomy":"product_brand","embeddable":true,"href":"https:\/\/permaculture-equine.fr\/en\/wp-json\/wp\/v2\/product_brand?post=6104"},{"taxonomy":"product_cat","embeddable":true,"href":"https:\/\/permaculture-equine.fr\/en\/wp-json\/wp\/v2\/product_cat?post=6104"},{"taxonomy":"product_tag","embeddable":true,"href":"https:\/\/permaculture-equine.fr\/en\/wp-json\/wp\/v2\/product_tag?post=6104"}],"curies":[{"name":"wp","href":"https:\/\/api.w.org\/{rel}","templated":true}]}}