{"id":6064,"date":"2021-04-17T13:47:50","date_gmt":"2021-04-17T11:47:50","guid":{"rendered":"https:\/\/permaculture-equine.fr\/?post_type=product&#038;p=6064"},"modified":"2023-09-29T15:04:06","modified_gmt":"2023-09-29T13:04:06","slug":"module-1-le-cheval","status":"publish","type":"product","link":"https:\/\/permaculture-equine.fr\/en\/product\/module-1-le-cheval\/","title":{"rendered":"Module 1 \u2013 The Horse"},"content":{"rendered":"<p><span style=\"color: #000000; font-family: var(--global-body-font-family);\">La formation en permaculture \u00e9quine commence par ce Module explore le cheval sous le regard de la permaculture :<img fetchpriority=\"high\" decoding=\"async\" class=\"wp-image-12233 alignright\" src=\"https:\/\/permaculture-equine.fr\/wp-content\/uploads\/2021\/04\/vignette-300x176.jpg\" alt=\"\" width=\"298\" height=\"175\" srcset=\"https:\/\/permaculture-equine.fr\/wp-content\/uploads\/2021\/04\/vignette-300x176.jpg 300w, https:\/\/permaculture-equine.fr\/wp-content\/uploads\/2021\/04\/vignette-1024x602.jpg 1024w, https:\/\/permaculture-equine.fr\/wp-content\/uploads\/2021\/04\/vignette-768x451.jpg 768w, https:\/\/permaculture-equine.fr\/wp-content\/uploads\/2021\/04\/vignette-18x12.jpg 18w, https:\/\/permaculture-equine.fr\/wp-content\/uploads\/2021\/04\/vignette-50x29.jpg 50w, https:\/\/permaculture-equine.fr\/wp-content\/uploads\/2021\/04\/vignette-600x353.jpg 600w, https:\/\/permaculture-equine.fr\/wp-content\/uploads\/2021\/04\/vignette.jpg 1251w\" sizes=\"(max-width: 298px) 100vw, 298px\" \/><\/span><\/p>\n<p><span style=\"color: #000000; font-family: var(--global-body-font-family);\">=&gt; il est accessible exclusivement en ligne et constitue un socle indispensable pour aborder la suite et bien int\u00e9grer le CHEVAL dans le design de votre site.<\/span><\/p>\n<p><span style=\"color: #000000;\">Ce module se compose de <strong>5 sections<\/strong> regroupant :<\/span><\/p>\n<ul>\n<li><span style=\"color: #000000;\">des cours sous forme de vid\u00e9os et de fichiers PDF,<\/span><\/li>\n<li><span style=\"color: #000000;\">avec des liens vers des documents pr\u00e9sent\u00e9s par nos partenaires qui vous pr\u00e9sentent leur approche et leur regard sur le cheval,<\/span><\/li>\n<li><span style=\"color: #000000;\">ainsi que des liens vers des th\u00e8ses et documents choisis parmi l\u2019offre disponible en ligne<\/span><\/li>\n<\/ul>\n<p><span style=\"color: #000000;\">Ce sont des cours th\u00e9oriques, mais vous aurez aussi des exercices pratiques pour commencer \u00e0 assembler de nouvelles informations autour de votre cheval.<\/span><\/p>\n<p><span class=\"tojvnm2t a6sixzi8 abs2jz4q a8s20v7p t1p8iaqh k5wvi7nf q3lfd5jv pk4s997a bipmatt0 cebpdrjk qowsmv63 owwhemhu dp1hu0rb dhp61c6y iyyx5f41\" style=\"color: #000000;\"><strong>SECTION 1<\/strong><strong>\u00a0:<\/strong>\u00a0\u00e9volution du cheval et de sa place parmi les humains.<\/span><\/p>\n<p><span class=\"tojvnm2t a6sixzi8 abs2jz4q a8s20v7p t1p8iaqh k5wvi7nf q3lfd5jv pk4s997a bipmatt0 cebpdrjk qowsmv63 owwhemhu dp1hu0rb dhp61c6y iyyx5f41\" style=\"color: #000000;\"><strong>SECTION 2<\/strong><strong>\u00a0:<\/strong>\u00a0\u00e9thologie et physiologie \u2013 besoins naturels du cheval.<\/span><\/p>\n<p><span class=\"tojvnm2t a6sixzi8 abs2jz4q a8s20v7p t1p8iaqh k5wvi7nf q3lfd5jv pk4s997a bipmatt0 cebpdrjk qowsmv63 owwhemhu dp1hu0rb dhp61c6y iyyx5f41\" style=\"color: #000000;\"><strong>SECTION 3<\/strong><strong>\u00a0:<\/strong>\u00a0tour d\u2019horizon des probl\u00e9matiques \u2013 recherche de solutions.<\/span><\/p>\n<p><span class=\"tojvnm2t a6sixzi8 abs2jz4q a8s20v7p t1p8iaqh k5wvi7nf q3lfd5jv pk4s997a bipmatt0 cebpdrjk qowsmv63 owwhemhu dp1hu0rb dhp61c6y iyyx5f41\" style=\"color: #000000;\"><strong>SECTION 4<\/strong><strong>\u00a0:<\/strong>\u00a0les avanc\u00e9es vers des syst\u00e8mes d\u2019h\u00e9bergement plus respectueux.<\/span><\/p>\n<p><span class=\"tojvnm2t a6sixzi8 abs2jz4q a8s20v7p t1p8iaqh k5wvi7nf q3lfd5jv pk4s997a bipmatt0 cebpdrjk qowsmv63 owwhemhu dp1hu0rb dhp61c6y iyyx5f41\" style=\"color: #000000;\"><strong>SECTION 5<\/strong><strong>\u00a0:<\/strong>\u00a0le concept de Paddock Paradise et les soins naturels.<\/span><\/p>\n<p><span style=\"color: #000000;\">=&gt; Cela repr\u00e9sente une formation sur\u00a0<strong>5 weeks<\/strong> : pr\u00e9voyez <strong>10 \u00e0 20 heures de travail personnel<\/strong>.<\/span><\/p>","protected":false},"excerpt":{"rendered":"<p>La formation en permaculture \u00e9quine commence par ce Module explore le cheval sous le regard de la permaculture : =&gt; il est accessible exclusivement en ligne et constitue un socle indispensable pour aborder la suite et bien int\u00e9grer le CHEVAL dans le design de votre site. Ce module se compose de 5 sections regroupant :&#8230;<\/p>","protected":false},"featured_media":33,"comment_status":"open","ping_status":"closed","template":"","meta":{"_monsterinsights_skip_tracking":false,"_monsterinsights_sitenote_active":false,"_monsterinsights_sitenote_note":"","_monsterinsights_sitenote_category":0,"_kadence_starter_templates_imported_post":false,"_kad_post_transparent":"default","_kad_post_title":"","_kad_post_layout":"default","_kad_post_sidebar_id":"","_kad_post_content_style":"default","_kad_post_vertical_padding":"default","_kad_post_feature":"","_kad_post_feature_position":"","_kad_post_header":false,"_kad_post_footer":false,"_kad_post_classname":""},"product_brand":[],"product_cat":[46,45],"product_tag":[],"class_list":{"0":"post-6064","1":"product","2":"type-product","3":"status-publish","4":"has-post-thumbnail","6":"product_cat-formations","7":"product_cat-formation-en-ligne","9":"first","10":"instock","11":"virtual","12":"sold-individually","13":"taxable","14":"purchasable","15":"product-type-course","16":"entry","17":"content-bg","18":"loop-entry"},"jetpack_sharing_enabled":true,"_links":{"self":[{"href":"https:\/\/permaculture-equine.fr\/en\/wp-json\/wp\/v2\/product\/6064","targetHints":{"allow":["GET"]}}],"collection":[{"href":"https:\/\/permaculture-equine.fr\/en\/wp-json\/wp\/v2\/product"}],"about":[{"href":"https:\/\/permaculture-equine.fr\/en\/wp-json\/wp\/v2\/types\/product"}],"replies":[{"embeddable":true,"href":"https:\/\/permaculture-equine.fr\/en\/wp-json\/wp\/v2\/comments?post=6064"}],"wp:featuredmedia":[{"embeddable":true,"href":"https:\/\/permaculture-equine.fr\/en\/wp-json\/wp\/v2\/media\/33"}],"wp:attachment":[{"href":"https:\/\/permaculture-equine.fr\/en\/wp-json\/wp\/v2\/media?parent=6064"}],"wp:term":[{"taxonomy":"product_brand","embeddable":true,"href":"https:\/\/permaculture-equine.fr\/en\/wp-json\/wp\/v2\/product_brand?post=6064"},{"taxonomy":"product_cat","embeddable":true,"href":"https:\/\/permaculture-equine.fr\/en\/wp-json\/wp\/v2\/product_cat?post=6064"},{"taxonomy":"product_tag","embeddable":true,"href":"https:\/\/permaculture-equine.fr\/en\/wp-json\/wp\/v2\/product_tag?post=6064"}],"curies":[{"name":"wp","href":"https:\/\/api.w.org\/{rel}","templated":true}]}}