{"id":12476,"date":"2023-09-30T11:27:37","date_gmt":"2023-09-30T09:27:37","guid":{"rendered":"https:\/\/permaculture-equine.fr\/?post_type=product&#038;p=12476"},"modified":"2023-09-30T11:31:33","modified_gmt":"2023-09-30T09:31:33","slug":"12476","status":"publish","type":"product","link":"https:\/\/permaculture-equine.fr\/en\/product\/12476\/","title":{"rendered":"Parcours d&#8217;initiation \u00e0 la permaculture \u00e9quine"},"content":{"rendered":"<p>Le Parcours d\u2019Initiation se compose :<\/p>\n<ul>\n<li><strong>du module 1<\/strong> : &#8220;le cheval&#8221;, avec <img fetchpriority=\"high\" decoding=\"async\" class=\"wp-image-12475 alignright\" src=\"https:\/\/permaculture-equine.fr\/wp-content\/uploads\/2023\/09\/initiation-300x169.png\" alt=\"\" width=\"327\" height=\"184\" srcset=\"https:\/\/permaculture-equine.fr\/wp-content\/uploads\/2023\/09\/initiation-300x169.png 300w, https:\/\/permaculture-equine.fr\/wp-content\/uploads\/2023\/09\/initiation-1024x578.png 1024w, https:\/\/permaculture-equine.fr\/wp-content\/uploads\/2023\/09\/initiation-768x434.png 768w, https:\/\/permaculture-equine.fr\/wp-content\/uploads\/2023\/09\/initiation-18x10.png 18w, https:\/\/permaculture-equine.fr\/wp-content\/uploads\/2023\/09\/initiation-50x28.png 50w, https:\/\/permaculture-equine.fr\/wp-content\/uploads\/2023\/09\/initiation-600x339.png 600w, https:\/\/permaculture-equine.fr\/wp-content\/uploads\/2023\/09\/initiation.png 1250w\" sizes=\"(max-width: 327px) 100vw, 327px\" \/>la mise en lumi\u00e8re de son impact sur l\u2019environnement, ainsi que ses apports et ses besoins en le lien avec les \u00e9thiques de la permaculture.\n<ul>\n<li>\u00a0la d\u00e9finition des \u00e9l\u00e9ments \u201ccl\u00e9s\u201d d\u2019un design en permaculture \u00e9quine.<\/li>\n<\/ul>\n<\/li>\n<\/ul>\n<p>=&gt; ce premier module comprend\u00a0<strong>5 sections<\/strong>\u00a0regroupant des cours sous forme de vid\u00e9os et de fichier PDF, avec des liens vers de documents pr\u00e9sent\u00e9s par nos partenaires qui vous pr\u00e9sentent leur approche et leur regard sur le cheval, ainsi que des liens vers des th\u00e8ses et documents choisis parmi l\u2019offre disponible en ligne : ce sont des cours th\u00e9oriques, mais vous aurez aussi des exercices pratiques pour commencer \u00e0 assembler de nouvelles informations autour de votre cheval.<\/p>\n<p>=&gt; Cela repr\u00e9sente une formation sur\u00a0<strong>5 semaines.<\/strong><\/p>\n<ul>\n<li><strong>du module 2<\/strong>\u00a0: initiation \u00e0 la permaculture \u00e9quine, avec\n<ul>\n<li>les principes de l\u2019\u00e9cologie,<\/li>\n<li>les \u00e9thiques et principes de la permaculture \u00e9quine,<\/li>\n<li>les m\u00e9thodes de conception d\u2019un h\u00e9bergement en permaculture \u00e9quine<\/li>\n<\/ul>\n<\/li>\n<\/ul>\n<p>=&gt; ce second module comprend\u00a0<strong>6 sections<\/strong>\u00a0bringing together theoretical courses in the form of videos and PDF files. You will have practical exercises and field trips to perform to validate the knowledge of this module. You will be guided to carry out the\u00a0<strong>Base Map<\/strong>\u00a0of your site and to start your personal investigation in order to define your project and to be able to gather all the information necessary for its future realization.<\/p>\n<p>Il est recommand\u00e9 d\u2019avoir un projet en t\u00eate, m\u00eame si ce n\u2019est pas pour tout de suite. Dans tous les cas, il est important d\u2019avoir acc\u00e8s \u00e0 une parcelle d\u2019environ\u00a0<strong>1 hectare<\/strong>\u00a0to practice.<\/p>\n<p>=&gt; Ce Module correspond \u00e0\u00a0<strong>6 semaines.<\/strong><\/p>\n<p>=&gt; Le parcours d&#8217;Initiation va donc s&#8217;\u00e9taler sur une dur\u00e9e de <strong>11 semaines avec 30 \u00e0 50 heures de travail personnel<\/strong><\/p>","protected":false},"excerpt":{"rendered":"<p>Le Parcours d\u2019Initiation se compose : du module 1 : &#8220;le cheval&#8221;, avec la mise en lumi\u00e8re de son impact sur l\u2019environnement, ainsi que ses apports et ses besoins en le lien avec les \u00e9thiques de la permaculture. \u00a0la d\u00e9finition des \u00e9l\u00e9ments \u201ccl\u00e9s\u201d d\u2019un design en permaculture \u00e9quine. =&gt; ce premier module comprend\u00a05 sections\u00a0regroupant des&#8230;<\/p>","protected":false},"featured_media":12475,"comment_status":"open","ping_status":"closed","template":"","meta":{"_monsterinsights_skip_tracking":false,"_monsterinsights_sitenote_active":false,"_monsterinsights_sitenote_note":"","_monsterinsights_sitenote_category":0,"_kadence_starter_templates_imported_post":false,"_kad_post_transparent":"default","_kad_post_title":"","_kad_post_layout":"default","_kad_post_sidebar_id":"","_kad_post_content_style":"default","_kad_post_vertical_padding":"default","_kad_post_feature":"","_kad_post_feature_position":"","_kad_post_header":false,"_kad_post_footer":false,"_kad_post_classname":""},"product_brand":[],"product_cat":[46,45],"product_tag":[],"class_list":{"0":"post-12476","1":"product","2":"type-product","3":"status-publish","4":"has-post-thumbnail","6":"product_cat-formations","7":"product_cat-formation-en-ligne","9":"first","10":"instock","11":"virtual","12":"sold-individually","13":"taxable","14":"purchasable","15":"product-type-course","16":"entry","17":"content-bg","18":"loop-entry"},"jetpack_sharing_enabled":true,"_links":{"self":[{"href":"https:\/\/permaculture-equine.fr\/en\/wp-json\/wp\/v2\/product\/12476","targetHints":{"allow":["GET"]}}],"collection":[{"href":"https:\/\/permaculture-equine.fr\/en\/wp-json\/wp\/v2\/product"}],"about":[{"href":"https:\/\/permaculture-equine.fr\/en\/wp-json\/wp\/v2\/types\/product"}],"replies":[{"embeddable":true,"href":"https:\/\/permaculture-equine.fr\/en\/wp-json\/wp\/v2\/comments?post=12476"}],"wp:featuredmedia":[{"embeddable":true,"href":"https:\/\/permaculture-equine.fr\/en\/wp-json\/wp\/v2\/media\/12475"}],"wp:attachment":[{"href":"https:\/\/permaculture-equine.fr\/en\/wp-json\/wp\/v2\/media?parent=12476"}],"wp:term":[{"taxonomy":"product_brand","embeddable":true,"href":"https:\/\/permaculture-equine.fr\/en\/wp-json\/wp\/v2\/product_brand?post=12476"},{"taxonomy":"product_cat","embeddable":true,"href":"https:\/\/permaculture-equine.fr\/en\/wp-json\/wp\/v2\/product_cat?post=12476"},{"taxonomy":"product_tag","embeddable":true,"href":"https:\/\/permaculture-equine.fr\/en\/wp-json\/wp\/v2\/product_tag?post=12476"}],"curies":[{"name":"wp","href":"https:\/\/api.w.org\/{rel}","templated":true}]}}