{"id":7,"date":"2021-01-10T00:53:29","date_gmt":"2021-01-09T23:53:29","guid":{"rendered":"http:\/\/permaculture-equine.fr\/?page_id=7"},"modified":"2021-04-24T21:04:07","modified_gmt":"2021-04-24T19:04:07","slug":"ecodomaine-du-val-de-vie","status":"publish","type":"page","link":"https:\/\/permaculture-equine.fr\/en\/ecodomaine-du-val-de-vie\/","title":{"rendered":"Ecodomain of Val de Vie"},"content":{"rendered":"\t\t<div data-elementor-type=\"wp-page\" data-elementor-id=\"7\" class=\"elementor elementor-7\">\n\t\t\t\t\t\t<section class=\"elementor-section elementor-top-section elementor-element elementor-element-ba3736f elementor-section-boxed elementor-section-height-default elementor-section-height-default\" data-id=\"ba3736f\" data-element_type=\"section\" data-e-type=\"section\">\n\t\t\t\t\t\t<div class=\"elementor-container elementor-column-gap-default\">\n\t\t\t\t\t<div class=\"elementor-column elementor-col-100 elementor-top-column elementor-element elementor-element-bc7984b\" data-id=\"bc7984b\" data-element_type=\"column\" data-e-type=\"column\">\n\t\t\t<div class=\"elementor-widget-wrap elementor-element-populated\">\n\t\t\t\t\t\t<div class=\"elementor-element elementor-element-f54e6fe elementor-widget elementor-widget-spacer\" data-id=\"f54e6fe\" data-element_type=\"widget\" data-e-type=\"widget\" data-widget_type=\"spacer.default\">\n\t\t\t\t<div class=\"elementor-widget-container\">\n\t\t\t\t\t\t\t<div class=\"elementor-spacer\">\n\t\t\t<div class=\"elementor-spacer-inner\"><\/div>\n\t\t<\/div>\n\t\t\t\t\t\t<\/div>\n\t\t\t\t<\/div>\n\t\t\t\t\t<\/div>\n\t\t<\/div>\n\t\t\t\t\t<\/div>\n\t\t<\/section>\n\t\t\t\t<section class=\"elementor-section elementor-top-section elementor-element elementor-element-24c4165b elementor-section-boxed elementor-section-height-default elementor-section-height-default\" data-id=\"24c4165b\" data-element_type=\"section\" data-e-type=\"section\" data-settings=\"{&quot;background_background&quot;:&quot;slideshow&quot;,&quot;background_slideshow_gallery&quot;:[{&quot;id&quot;:15,&quot;url&quot;:&quot;http:\\\/\\\/permaculture-equine.fr\\\/wp-content\\\/uploads\\\/2021\\\/01\\\/135138176_218957133287342_6803257716035457249_n.jpg&quot;}],&quot;background_slideshow_loop&quot;:&quot;yes&quot;,&quot;background_slideshow_slide_duration&quot;:5000,&quot;background_slideshow_slide_transition&quot;:&quot;fade&quot;,&quot;background_slideshow_transition_duration&quot;:500}\">\n\t\t\t\t\t\t<div class=\"elementor-container elementor-column-gap-default\">\n\t\t\t\t\t<div class=\"elementor-column elementor-col-100 elementor-top-column elementor-element elementor-element-58f68fef\" data-id=\"58f68fef\" data-element_type=\"column\" data-e-type=\"column\">\n\t\t\t<div class=\"elementor-widget-wrap elementor-element-populated\">\n\t\t\t\t\t\t<div class=\"elementor-element elementor-element-41d1bc9 elementor-widget elementor-widget-spacer\" data-id=\"41d1bc9\" data-element_type=\"widget\" data-e-type=\"widget\" data-widget_type=\"spacer.default\">\n\t\t\t\t<div class=\"elementor-widget-container\">\n\t\t\t\t\t\t\t<div class=\"elementor-spacer\">\n\t\t\t<div class=\"elementor-spacer-inner\"><\/div>\n\t\t<\/div>\n\t\t\t\t\t\t<\/div>\n\t\t\t\t<\/div>\n\t\t\t\t<div class=\"elementor-element elementor-element-acd7210 elementor-widget elementor-widget-heading\" data-id=\"acd7210\" data-element_type=\"widget\" data-e-type=\"widget\" data-widget_type=\"heading.default\">\n\t\t\t\t<div class=\"elementor-widget-container\">\n\t\t\t\t\t<h2 class=\"elementor-heading-title elementor-size-default\">Ecodomaine du Val de Vie<\/h2>\t\t\t\t<\/div>\n\t\t\t\t<\/div>\n\t\t\t\t<section class=\"elementor-section elementor-inner-section elementor-element elementor-element-ca06803 elementor-section-boxed elementor-section-height-default elementor-section-height-default\" data-id=\"ca06803\" data-element_type=\"section\" data-e-type=\"section\">\n\t\t\t\t\t\t<div class=\"elementor-container elementor-column-gap-default\">\n\t\t\t\t\t<div class=\"elementor-column elementor-col-50 elementor-inner-column elementor-element elementor-element-6b83228\" data-id=\"6b83228\" data-element_type=\"column\" data-e-type=\"column\">\n\t\t\t<div class=\"elementor-widget-wrap elementor-element-populated\">\n\t\t\t\t\t\t<div class=\"elementor-element elementor-element-c63c47f elementor-widget elementor-widget-spacer\" data-id=\"c63c47f\" data-element_type=\"widget\" data-e-type=\"widget\" data-widget_type=\"spacer.default\">\n\t\t\t\t<div class=\"elementor-widget-container\">\n\t\t\t\t\t\t\t<div class=\"elementor-spacer\">\n\t\t\t<div class=\"elementor-spacer-inner\"><\/div>\n\t\t<\/div>\n\t\t\t\t\t\t<\/div>\n\t\t\t\t<\/div>\n\t\t\t\t\t<\/div>\n\t\t<\/div>\n\t\t\t\t<div class=\"elementor-column elementor-col-50 elementor-inner-column elementor-element elementor-element-8aa9803\" data-id=\"8aa9803\" data-element_type=\"column\" data-e-type=\"column\">\n\t\t\t<div class=\"elementor-widget-wrap\">\n\t\t\t\t\t\t\t<\/div>\n\t\t<\/div>\n\t\t\t\t\t<\/div>\n\t\t<\/section>\n\t\t\t\t\t<\/div>\n\t\t<\/div>\n\t\t\t\t\t<\/div>\n\t\t<\/section>\n\t\t\t\t<section class=\"elementor-section elementor-top-section elementor-element elementor-element-754a303 elementor-section-boxed elementor-section-height-default elementor-section-height-default\" data-id=\"754a303\" data-element_type=\"section\" data-e-type=\"section\">\n\t\t\t\t\t\t<div class=\"elementor-container elementor-column-gap-default\">\n\t\t\t\t\t<div class=\"elementor-column elementor-col-100 elementor-top-column elementor-element elementor-element-293caf1\" data-id=\"293caf1\" data-element_type=\"column\" data-e-type=\"column\">\n\t\t\t<div class=\"elementor-widget-wrap elementor-element-populated\">\n\t\t\t\t\t\t<div class=\"elementor-element elementor-element-d49bfa5 elementor-widget elementor-widget-spacer\" data-id=\"d49bfa5\" data-element_type=\"widget\" data-e-type=\"widget\" data-widget_type=\"spacer.default\">\n\t\t\t\t<div class=\"elementor-widget-container\">\n\t\t\t\t\t\t\t<div class=\"elementor-spacer\">\n\t\t\t<div class=\"elementor-spacer-inner\"><\/div>\n\t\t<\/div>\n\t\t\t\t\t\t<\/div>\n\t\t\t\t<\/div>\n\t\t\t\t\t<\/div>\n\t\t<\/div>\n\t\t\t\t\t<\/div>\n\t\t<\/section>\n\t\t\t\t<section class=\"elementor-section elementor-top-section elementor-element elementor-element-1a1cccc elementor-section-boxed elementor-section-height-default elementor-section-height-default\" data-id=\"1a1cccc\" data-element_type=\"section\" data-e-type=\"section\">\n\t\t\t\t\t\t<div class=\"elementor-container elementor-column-gap-default\">\n\t\t\t\t\t<div class=\"elementor-column elementor-col-66 elementor-top-column elementor-element elementor-element-e280661\" data-id=\"e280661\" data-element_type=\"column\" data-e-type=\"column\">\n\t\t\t<div class=\"elementor-widget-wrap elementor-element-populated\">\n\t\t\t\t\t\t<div class=\"elementor-element elementor-element-3ceb92b elementor-widget elementor-widget-heading\" data-id=\"3ceb92b\" data-element_type=\"widget\" data-e-type=\"widget\" data-widget_type=\"heading.default\">\n\t\t\t\t<div class=\"elementor-widget-container\">\n\t\t\t\t\t<h2 class=\"elementor-heading-title elementor-size-default\">Gen\u00e8se de la permaculture \u00e9quine au Val de Vie<\/h2>\t\t\t\t<\/div>\n\t\t\t\t<\/div>\n\t\t\t\t<div class=\"elementor-element elementor-element-556a237 elementor-widget elementor-widget-text-editor\" data-id=\"556a237\" data-element_type=\"widget\" data-e-type=\"widget\" data-widget_type=\"text-editor.default\">\n\t\t\t\t<div class=\"elementor-widget-container\">\n\t\t\t\t\t\t\t\t\t<p align=\"JUSTIFY\"><span style=\"color: #000000;\"><span style=\"font-family: Arial, serif;\">Passionn\u00e9e par les chevaux, j&#8217;ai d\u00e9but\u00e9 de fa\u00e7on tr\u00e8s classique le cheminement qui m&#8217;a men\u00e9e \u00e0 la permaculture \u00e9quine.<\/span><\/span><\/p><p align=\"JUSTIFY\"><span style=\"font-family: Arial, serif; color: #000000;\">C&#8217;est gr\u00e2ce \u00e0 mon professeur d&#8217;\u00e9quitation, Fran\u00e7ois Lucas, que je suis sortie des sentiers battus : il m&#8217;a permis de d\u00e9couvrir les joies du dressage \u00e0 un niveau avanc\u00e9,\u00a0<\/span><span style=\"color: #000000; font-family: Arial, serif;\">en pleine for\u00eat de Saint Germain en Laye, avec des chevaux sereins. Le processus \u00e9tait enclench\u00e9 : pour renouer encore plus avec la nature, je suis devenue accompagnatrice de tourisme \u00e9questre dans la for\u00eat de Rambouillet, et j&#8217;ai commenc\u00e9 \u00e0 observer de fa\u00e7on plus approfondie les paysages, la faune et la flore.<\/span><\/p><p align=\"JUSTIFY\">\u00a0<\/p>\t\t\t\t\t\t\t\t<\/div>\n\t\t\t\t<\/div>\n\t\t\t\t\t<\/div>\n\t\t<\/div>\n\t\t\t\t<div class=\"elementor-column elementor-col-33 elementor-top-column elementor-element elementor-element-2c3aefc\" data-id=\"2c3aefc\" data-element_type=\"column\" data-e-type=\"column\">\n\t\t\t<div class=\"elementor-widget-wrap elementor-element-populated\">\n\t\t\t\t\t\t<div class=\"elementor-element elementor-element-a679d11 elementor-widget elementor-widget-image\" data-id=\"a679d11\" data-element_type=\"widget\" data-e-type=\"widget\" data-widget_type=\"image.default\">\n\t\t\t\t<div class=\"elementor-widget-container\">\n\t\t\t\t\t\t\t\t\t\t\t\t\t\t\t<img fetchpriority=\"high\" decoding=\"async\" width=\"772\" height=\"623\" src=\"https:\/\/permaculture-equine.fr\/wp-content\/uploads\/2021\/01\/gwen-site-cheval.jpg\" class=\"attachment-large size-large wp-image-113\" alt=\"\" srcset=\"https:\/\/permaculture-equine.fr\/wp-content\/uploads\/2021\/01\/gwen-site-cheval.jpg 772w, https:\/\/permaculture-equine.fr\/wp-content\/uploads\/2021\/01\/gwen-site-cheval-600x484.jpg 600w, https:\/\/permaculture-equine.fr\/wp-content\/uploads\/2021\/01\/gwen-site-cheval-300x242.jpg 300w, https:\/\/permaculture-equine.fr\/wp-content\/uploads\/2021\/01\/gwen-site-cheval-768x620.jpg 768w\" sizes=\"(max-width: 772px) 100vw, 772px\" \/>\t\t\t\t\t\t\t\t\t\t\t\t\t\t\t<\/div>\n\t\t\t\t<\/div>\n\t\t\t\t\t<\/div>\n\t\t<\/div>\n\t\t\t\t\t<\/div>\n\t\t<\/section>\n\t\t\t\t<section class=\"elementor-section elementor-top-section elementor-element elementor-element-792ef74 elementor-section-boxed elementor-section-height-default elementor-section-height-default\" data-id=\"792ef74\" data-element_type=\"section\" data-e-type=\"section\">\n\t\t\t\t\t\t<div class=\"elementor-container elementor-column-gap-default\">\n\t\t\t\t\t<div class=\"elementor-column elementor-col-100 elementor-top-column elementor-element elementor-element-11b0ee4\" data-id=\"11b0ee4\" data-element_type=\"column\" data-e-type=\"column\">\n\t\t\t<div class=\"elementor-widget-wrap elementor-element-populated\">\n\t\t\t\t\t\t<div class=\"elementor-element elementor-element-f67426a elementor-widget elementor-widget-text-editor\" data-id=\"f67426a\" data-element_type=\"widget\" data-e-type=\"widget\" data-widget_type=\"text-editor.default\">\n\t\t\t\t<div class=\"elementor-widget-container\">\n\t\t\t\t\t\t\t\t\t<p align=\"JUSTIFY\"><span style=\"color: #000000;\"><span style=\"font-family: Arial, serif;\">C&#8217;est le livre &#8220;Shy Boy&#8221; de Monty Roberts, qui m&#8217;a amen\u00e9e au Haras de la Cense. Andy Booth a \u00e9t\u00e9 mon guide dans l&#8217;approche dite &#8220;\u00e9thologique&#8221; de l&#8217;\u00e9quitation. Prendre comme mod\u00e8le l&#8217;observation du comportement naturel du cheval m&#8217;a fait\u00a0<\/span><\/span><span style=\"color: #000000; font-family: Arial, serif;\">prendre conscience du foss\u00e9 entre les besoins et priorit\u00e9s des chevaux et ce qui leur \u00e9tait offert dans les \u00e9tablissements \u00e9questres classiques et j&#8217;ai commenc\u00e9 \u00e0 me poser les premi\u00e8res questions \u00e9thiques sur ce que nous leur imposons.<\/span><\/p><p align=\"JUSTIFY\"><span style=\"color: #000000;\"><span style=\"font-family: Arial, serif;\">La rencontre avec mon \u00e9talon Okkaido a \u00e9t\u00e9 l&#8217;\u00e9l\u00e9ment d\u00e9clencheur qui a boulevers\u00e9 mes priorit\u00e9s. En 2006, j<\/span><\/span><span style=\"color: #000000;\"><span style=\"font-family: Arial, serif;\">&#8216;ai\u00a0 quitt\u00e9 la r\u00e9gion parisienne pour lui offrir une vie au pr\u00e9, entour\u00e9 d&#8217;autres chevaux, en Normandie. Mais en p<\/span><\/span><span style=\"font-family: Arial, serif; color: #000000;\">artageant la vie quotidienne du troupeau force m&#8217;a \u00e9t\u00e9 de constater que cet environnement, pourtant r\u00e9put\u00e9 pour \u00eatre le meilleur pour l&#8217;\u00e9levage des chevaux en France, n&#8217;\u00e9tait pas suffisant pour leur sant\u00e9, tant physique que psychologique &#8230;, pire, la pr\u00e9sence des chevaux d\u00e9t\u00e9riorait les p\u00e2turages.<\/span><\/p><p align=\"JUSTIFY\"><span style=\"color: #000000;\"><span style=\"font-family: Arial, serif;\">J&#8217;ai du remettre en question ce qui m&#8217;avait \u00e9t\u00e9 enseign\u00e9 : c&#8217;est sur une parcelle de 5 hectares que les premi\u00e8res pistes ont \u00e9t\u00e9 construites fin 2007. Le concept de Paddock Paradise est un mode d&#8217;h\u00e9bergement \u00e9quin innovant d\u00e9velopp\u00e9 par Jaime Jackson, qui a observ\u00e9 pendant plusieurs d\u00e9cennies les Mustangs du Parc National de Great Basin (Nevada) : cette approche globale des besoins des chevaux est construite sur des principes et crit\u00e8res inspir\u00e9s des le\u00e7ons de la nature.<\/span><\/span><\/p><p align=\"JUSTIFY\"><span style=\"color: #000000;\"><span style=\"font-family: Arial, serif;\">La suite est venue tr\u00e8s logiquement : il me fallait rechercher une place pour les chevaux dans leur environnement, permettant de r\u00e9duire leurs impacts n\u00e9gatifs et de valoriser leurs effets positifs. C&#8217;est ainsi que j&#8217;ai d\u00e9couvert l&#8217;agro-\u00e9cologie et commenc\u00e9 \u00e0 me former \u00e0 la permaculture : le site pilote de \u00abl&#8217;\u00e9codomaine du Val de Vie\u00bb est n\u00e9. Suivi\u00a0<\/span><\/span><span style=\"font-family: Arial, serif; color: #000000;\">apr\u00e8s 10 ans de maturation, par le groupe de <\/span><a style=\"font-family: Arial, serif;\" href=\"https:\/\/www.facebook.com\/groups\/560345227698157\/\">permaculture \u00e9quine sur Facebook<\/a><span style=\"font-family: Arial, serif; color: #000000;\">.<\/span><\/p><p align=\"JUSTIFY\"><span style=\"color: #000000;\"><span style=\"font-family: Arial, serif;\">Depuis, je continue \u00e0 enrichir et approfondir mes connaissances au travers de plusieurs approches de la permaculture, en France (\u00e0 l\u2019Escargotier dans le marais Vernier, par exemple), mais aussi \u00e0 l&#8217;\u00e9tranger, avec la pr\u00e9paration d\u2019un Master en permaculture. Mon objectif est d&#8217;int\u00e9grer tout ce que j\u2019ai appris sur les chevaux et sur la gestion des \u00e9cosyst\u00e8mes afin de finaliser le d\u00e9veloppement d&#8217;un tout nouveau concept holistique d&#8217;habitat \u00e9quin durable, respectueux de la plan\u00e8te, des humains et des chevaux avec la volont\u00e9 de partager \u00e9quitablement et de transmettre : c&#8217;est la permaculture \u00e9quine du Val de Vie.<\/span><\/span><\/p><p align=\"JUSTIFY\"><span style=\"color: #000000;\"><span style=\"font-family: Arial, serif;\">Gwena\u00eblle<\/span><\/span><\/p>\t\t\t\t\t\t\t\t<\/div>\n\t\t\t\t<\/div>\n\t\t\t\t\t<\/div>\n\t\t<\/div>\n\t\t\t\t\t<\/div>\n\t\t<\/section>\n\t\t\t\t<section class=\"elementor-section elementor-top-section elementor-element elementor-element-3625204 elementor-section-boxed elementor-section-height-default elementor-section-height-default\" data-id=\"3625204\" data-element_type=\"section\" data-e-type=\"section\">\n\t\t\t\t\t\t<div class=\"elementor-container elementor-column-gap-default\">\n\t\t\t\t\t<div class=\"elementor-column elementor-col-100 elementor-top-column elementor-element elementor-element-0d922a0\" data-id=\"0d922a0\" data-element_type=\"column\" data-e-type=\"column\">\n\t\t\t<div class=\"elementor-widget-wrap elementor-element-populated\">\n\t\t\t\t\t\t<div class=\"elementor-element elementor-element-d290c0d elementor-widget elementor-widget-spacer\" data-id=\"d290c0d\" data-element_type=\"widget\" data-e-type=\"widget\" data-widget_type=\"spacer.default\">\n\t\t\t\t<div class=\"elementor-widget-container\">\n\t\t\t\t\t\t\t<div class=\"elementor-spacer\">\n\t\t\t<div class=\"elementor-spacer-inner\"><\/div>\n\t\t<\/div>\n\t\t\t\t\t\t<\/div>\n\t\t\t\t<\/div>\n\t\t\t\t\t<\/div>\n\t\t<\/div>\n\t\t\t\t\t<\/div>\n\t\t<\/section>\n\t\t\t\t<section class=\"elementor-section elementor-top-section elementor-element elementor-element-f6fd3ca elementor-section-boxed elementor-section-height-default elementor-section-height-default\" data-id=\"f6fd3ca\" data-element_type=\"section\" data-e-type=\"section\" data-settings=\"{&quot;background_background&quot;:&quot;classic&quot;}\">\n\t\t\t\t\t\t<div class=\"elementor-container elementor-column-gap-default\">\n\t\t\t\t\t<div class=\"elementor-column elementor-col-100 elementor-top-column elementor-element elementor-element-1235fa3\" data-id=\"1235fa3\" data-element_type=\"column\" data-e-type=\"column\">\n\t\t\t<div class=\"elementor-widget-wrap elementor-element-populated\">\n\t\t\t\t\t\t<div class=\"elementor-element elementor-element-c940ea5 elementor-widget elementor-widget-heading\" data-id=\"c940ea5\" data-element_type=\"widget\" data-e-type=\"widget\" data-widget_type=\"heading.default\">\n\t\t\t\t<div class=\"elementor-widget-container\">\n\t\t\t\t\t<h2 class=\"elementor-heading-title elementor-size-default\">Association loi 1901<\/h2>\t\t\t\t<\/div>\n\t\t\t\t<\/div>\n\t\t\t\t<div class=\"elementor-element elementor-element-fe18e0e elementor-widget__width-inherit elementor-widget elementor-widget-text-editor\" data-id=\"fe18e0e\" data-element_type=\"widget\" data-e-type=\"widget\" data-widget_type=\"text-editor.default\">\n\t\t\t\t<div class=\"elementor-widget-container\">\n\t\t\t\t\t\t\t\t\t<p>&nbsp;<img decoding=\"async\" class=\"size-full wp-image-1080 alignright\" src=\"https:\/\/permaculture-equine.fr\/wp-content\/uploads\/2021\/01\/sport-responsable.jpg\" alt=\"\" width=\"141\" height=\"186\"><span style=\"font-family: var( --e-global-typography-text-font-family ), Sans-serif; font-weight: var( --e-global-typography-text-font-weight );\">L&#8217;\u00e9codomaine du Val de Vie est g\u00e9r\u00e9 par une association \u00e0 but non lucratif.<\/span><\/p>\n<p><span style=\"font-family: var( --e-global-typography-text-font-family ), Sans-serif; font-weight: var( --e-global-typography-text-font-weight );\">AP<\/span><span style=\"font-family: var( --e-global-typography-text-font-family ), Sans-serif; font-weight: var( --e-global-typography-text-font-weight );\">E 8551Z &#8211; SIRET 502 112 121 00012 &#8211; TVA&nbsp;FR 95502112121<\/span><\/p>\n<ul>\n<li><span style=\"text-align: center; font-family: var( --e-global-typography-text-font-family ), Sans-serif; font-weight: var( --e-global-typography-text-font-weight );\">Membre de la F\u00e9d\u00e9ration Fran\u00e7aise d&#8217;Equitation (1414008)&nbsp; &nbsp;<\/span><\/li>\n<li>Agr\u00e9ment Jeunesse et Sports n\u00b0 14 11 006<\/li>\n<\/ul>\t\t\t\t\t\t\t\t<\/div>\n\t\t\t\t<\/div>\n\t\t\t\t\t<\/div>\n\t\t<\/div>\n\t\t\t\t\t<\/div>\n\t\t<\/section>\n\t\t\t\t<section class=\"elementor-section elementor-top-section elementor-element elementor-element-e27dff8 elementor-section-boxed elementor-section-height-default elementor-section-height-default\" data-id=\"e27dff8\" data-element_type=\"section\" data-e-type=\"section\">\n\t\t\t\t\t\t<div class=\"elementor-container elementor-column-gap-default\">\n\t\t\t\t\t<div class=\"elementor-column elementor-col-100 elementor-top-column elementor-element elementor-element-008a762\" data-id=\"008a762\" data-element_type=\"column\" data-e-type=\"column\">\n\t\t\t<div class=\"elementor-widget-wrap elementor-element-populated\">\n\t\t\t\t\t\t<div class=\"elementor-element elementor-element-84ccc52 elementor-widget elementor-widget-spacer\" data-id=\"84ccc52\" data-element_type=\"widget\" data-e-type=\"widget\" data-widget_type=\"spacer.default\">\n\t\t\t\t<div class=\"elementor-widget-container\">\n\t\t\t\t\t\t\t<div class=\"elementor-spacer\">\n\t\t\t<div class=\"elementor-spacer-inner\"><\/div>\n\t\t<\/div>\n\t\t\t\t\t\t<\/div>\n\t\t\t\t<\/div>\n\t\t\t\t\t<\/div>\n\t\t<\/div>\n\t\t\t\t\t<\/div>\n\t\t<\/section>\n\t\t\t\t<section class=\"elementor-section elementor-top-section elementor-element elementor-element-133ab7a elementor-section-boxed elementor-section-height-default elementor-section-height-default\" data-id=\"133ab7a\" data-element_type=\"section\" data-e-type=\"section\" data-settings=\"{&quot;background_background&quot;:&quot;slideshow&quot;,&quot;background_slideshow_gallery&quot;:[{&quot;id&quot;:15,&quot;url&quot;:&quot;http:\\\/\\\/permaculture-equine.fr\\\/wp-content\\\/uploads\\\/2021\\\/01\\\/135138176_218957133287342_6803257716035457249_n.jpg&quot;}],&quot;background_slideshow_loop&quot;:&quot;yes&quot;,&quot;background_slideshow_slide_duration&quot;:5000,&quot;background_slideshow_slide_transition&quot;:&quot;fade&quot;,&quot;background_slideshow_transition_duration&quot;:500}\">\n\t\t\t\t\t\t<div class=\"elementor-container elementor-column-gap-default\">\n\t\t\t\t\t<div class=\"elementor-column elementor-col-100 elementor-top-column elementor-element elementor-element-3455b14\" data-id=\"3455b14\" data-element_type=\"column\" data-e-type=\"column\">\n\t\t\t<div class=\"elementor-widget-wrap elementor-element-populated\">\n\t\t\t\t\t\t<div class=\"elementor-element elementor-element-f06cf50 elementor-widget elementor-widget-spacer\" data-id=\"f06cf50\" data-element_type=\"widget\" data-e-type=\"widget\" data-widget_type=\"spacer.default\">\n\t\t\t\t<div class=\"elementor-widget-container\">\n\t\t\t\t\t\t\t<div class=\"elementor-spacer\">\n\t\t\t<div class=\"elementor-spacer-inner\"><\/div>\n\t\t<\/div>\n\t\t\t\t\t\t<\/div>\n\t\t\t\t<\/div>\n\t\t\t\t<section class=\"elementor-section elementor-inner-section elementor-element elementor-element-4b8e561 elementor-section-boxed elementor-section-height-default elementor-section-height-default\" data-id=\"4b8e561\" data-element_type=\"section\" data-e-type=\"section\">\n\t\t\t\t\t\t<div class=\"elementor-container elementor-column-gap-default\">\n\t\t\t\t\t<div class=\"elementor-column elementor-col-50 elementor-inner-column elementor-element elementor-element-84d2228\" data-id=\"84d2228\" data-element_type=\"column\" data-e-type=\"column\">\n\t\t\t<div class=\"elementor-widget-wrap\">\n\t\t\t\t\t\t\t<\/div>\n\t\t<\/div>\n\t\t\t\t<div class=\"elementor-column elementor-col-50 elementor-inner-column elementor-element elementor-element-3d6872f\" data-id=\"3d6872f\" data-element_type=\"column\" data-e-type=\"column\">\n\t\t\t<div class=\"elementor-widget-wrap elementor-element-populated\">\n\t\t\t\t\t\t<div class=\"elementor-element elementor-element-19a6389 elementor-widget elementor-widget-spacer\" data-id=\"19a6389\" data-element_type=\"widget\" data-e-type=\"widget\" data-widget_type=\"spacer.default\">\n\t\t\t\t<div class=\"elementor-widget-container\">\n\t\t\t\t\t\t\t<div class=\"elementor-spacer\">\n\t\t\t<div class=\"elementor-spacer-inner\"><\/div>\n\t\t<\/div>\n\t\t\t\t\t\t<\/div>\n\t\t\t\t<\/div>\n\t\t\t\t\t<\/div>\n\t\t<\/div>\n\t\t\t\t\t<\/div>\n\t\t<\/section>\n\t\t\t\t\t<\/div>\n\t\t<\/div>\n\t\t\t\t\t<\/div>\n\t\t<\/section>\n\t\t\t\t<\/div>\n\t\t","protected":false},"excerpt":{"rendered":"<p>Ecodomaine du Val de Vie Gen\u00e8se de la permaculture \u00e9quine au Val de Vie Passionn\u00e9e par les chevaux, j&#8217;ai d\u00e9but\u00e9 de fa\u00e7on tr\u00e8s classique le cheminement qui m&#8217;a men\u00e9e \u00e0 la permaculture \u00e9quine. C&#8217;est gr\u00e2ce \u00e0 mon professeur d&#8217;\u00e9quitation, Fran\u00e7ois Lucas, que je suis sortie des sentiers battus : il m&#8217;a permis de d\u00e9couvrir les&#8230;<\/p>","protected":false},"author":1,"featured_media":0,"parent":0,"menu_order":0,"comment_status":"closed","ping_status":"closed","template":"","meta":{"_monsterinsights_skip_tracking":false,"_monsterinsights_sitenote_active":false,"_monsterinsights_sitenote_note":"","_monsterinsights_sitenote_category":0,"_kadence_starter_templates_imported_post":false,"_kad_post_transparent":"","_kad_post_title":"","_kad_post_layout":"","_kad_post_sidebar_id":"","_kad_post_content_style":"","_kad_post_vertical_padding":"","_kad_post_feature":"","_kad_post_feature_position":"","_kad_post_header":false,"_kad_post_footer":false,"_kad_post_classname":"","footnotes":""},"class_list":["post-7","page","type-page","status-publish","hentry"],"jetpack_sharing_enabled":true,"_links":{"self":[{"href":"https:\/\/permaculture-equine.fr\/en\/wp-json\/wp\/v2\/pages\/7","targetHints":{"allow":["GET"]}}],"collection":[{"href":"https:\/\/permaculture-equine.fr\/en\/wp-json\/wp\/v2\/pages"}],"about":[{"href":"https:\/\/permaculture-equine.fr\/en\/wp-json\/wp\/v2\/types\/page"}],"author":[{"embeddable":true,"href":"https:\/\/permaculture-equine.fr\/en\/wp-json\/wp\/v2\/users\/1"}],"replies":[{"embeddable":true,"href":"https:\/\/permaculture-equine.fr\/en\/wp-json\/wp\/v2\/comments?post=7"}],"version-history":[{"count":108,"href":"https:\/\/permaculture-equine.fr\/en\/wp-json\/wp\/v2\/pages\/7\/revisions"}],"predecessor-version":[{"id":6615,"href":"https:\/\/permaculture-equine.fr\/en\/wp-json\/wp\/v2\/pages\/7\/revisions\/6615"}],"wp:attachment":[{"href":"https:\/\/permaculture-equine.fr\/en\/wp-json\/wp\/v2\/media?parent=7"}],"curies":[{"name":"wp","href":"https:\/\/api.w.org\/{rel}","templated":true}]}}