{"id":6976,"date":"2021-05-10T13:57:37","date_gmt":"2021-05-10T11:57:37","guid":{"rendered":"https:\/\/permaculture-equine.fr\/?page_id=6976"},"modified":"2021-05-11T10:39:58","modified_gmt":"2021-05-11T08:39:58","slug":"espace-membre","status":"publish","type":"page","link":"https:\/\/permaculture-equine.fr\/en\/espace-membre\/","title":{"rendered":"Members"},"content":{"rendered":"<div data-elementor-type=\"wp-page\" data-elementor-id=\"6976\" class=\"elementor elementor-6976\">\n\t\t\t\t\t\t<section class=\"elementor-section elementor-top-section elementor-element elementor-element-1d1c747e elementor-section-boxed elementor-section-height-default elementor-section-height-default\" data-id=\"1d1c747e\" data-element_type=\"section\" data-e-type=\"section\">\n\t\t\t\t\t\t<div class=\"elementor-container elementor-column-gap-default\">\n\t\t\t\t\t<div class=\"elementor-column elementor-col-100 elementor-top-column elementor-element elementor-element-380d2865\" data-id=\"380d2865\" data-element_type=\"column\" data-e-type=\"column\">\n\t\t\t<div class=\"elementor-widget-wrap elementor-element-populated\">\n\t\t\t\t\t\t<div class=\"elementor-element elementor-element-d5fcd2c elementor-widget elementor-widget-spacer\" data-id=\"d5fcd2c\" data-element_type=\"widget\" data-e-type=\"widget\" data-widget_type=\"spacer.default\">\n\t\t\t\t<div class=\"elementor-widget-container\">\n\t\t\t\t\t\t\t<div class=\"elementor-spacer\">\n\t\t\t<div class=\"elementor-spacer-inner\"><\/div>\n\t\t<\/div>\n\t\t\t\t\t\t<\/div>\n\t\t\t\t<\/div>\n\t\t\t\t<div class=\"elementor-element elementor-element-87ca7c0 elementor-widget elementor-widget-spacer\" data-id=\"87ca7c0\" data-element_type=\"widget\" data-e-type=\"widget\" data-widget_type=\"spacer.default\">\n\t\t\t\t<div class=\"elementor-widget-container\">\n\t\t\t\t\t\t\t<div class=\"elementor-spacer\">\n\t\t\t<div class=\"elementor-spacer-inner\"><\/div>\n\t\t<\/div>\n\t\t\t\t\t\t<\/div>\n\t\t\t\t<\/div>\n\t\t\t\t<div class=\"elementor-element elementor-element-5b117670 elementor-widget elementor-widget-text-editor\" data-id=\"5b117670\" data-element_type=\"widget\" data-e-type=\"widget\" data-widget_type=\"text-editor.default\">\n\t\t\t\t<div class=\"elementor-widget-container\">\n\t\t\t\t\t\t\t\t\t<p><\/p>\n<p>L&#8217;espace membre r\u00e9uni les informations pratiques pour devenir membre du site de permaculture \u00e9quine, pour param\u00e9trer et consulter vos informations personnelles.<\/p>\n<p><strong>1) <\/strong><span style=\"text-decoration: underline;\"><strong>Premi\u00e8re \u00e9tape<\/strong><\/span> : pour devenir membre du site de permaculture \u00e9quine&#8230;<\/p>\n<p>Il suffit d&#8217;aller sur les pages du site :<\/p>\n<p><\/p>\n<p><\/p>\n<ul class=\"wp-block-list\">\n<li>pour vous inscrire aux <a href=\"https:\/\/permaculture-equine.fr\/en\/formations-en-ligne\/\"><strong>formations en ligne &gt;&gt;<\/strong><\/a>,<\/li>\n<li>laisser un commentaire sur <a href=\"https:\/\/permaculture-equine.fr\/en\/blog\/\"><strong>le blog &gt;&gt;<\/strong><\/a>,<\/li>\n<li>ou encore pour acheter un des articles de <a href=\"https:\/\/permaculture-equine.fr\/en\/disponible-a-partir-de-lete-2021\/\"><strong>la petite boutique &gt;&gt;<\/strong><\/a>.<\/li>\n<\/ul>\n<div>=&gt; Vous serez invit\u00e9 \u00e0 vous connecter en cr\u00e9ant votre identifiant.<\/div>\n<div><em>Pensez \u00e0 explorer votre bo\u00eete spam si le message de confirmation n&#8217;arrive pas dans votre bo\u00eete de r\u00e9ception.<\/em><\/div>\n<div>\u00a0<\/div>\n<p><strong>2 ) <span style=\"text-decoration: underline;\">D<\/span><\/strong><span style=\"text-decoration: underline;\"><strong>euxi\u00e8me \u00e9tape<\/strong><\/span> : une fois votre profil cr\u00e9\u00e9 il reste \u00e0 vous connecter.<\/p>\n<div>\u00a0<\/div>\n<div><a href=\"https:\/\/permaculture-equine.fr\/wp-login.php?loggedout=true&amp;wp_lang=fr_FR&amp;fbclid=IwAR1104ErMP49hFo1MuM6e60kOPAIvbz0dy8ZF3YzuxKW22kTrYo8VqFxOiY\"><strong>Pour vous connecter au site, \u00e0 tout moment, suivez ce lien\u00a0 &gt;&gt;<\/strong><\/a><\/div>\n<div>\u00a0<\/div>\n<div><strong>3 ) <span style=\"text-decoration: underline;\">Troisi\u00e8me \u00e9tape<\/span><\/strong> : explorer et mettre \u00e0 jour<\/div>\n<div>\u00a0<\/div>\n<div>Une fois connect\u00e9 vous pouvez trouver ici votre :<\/div>\n<ul>\n<li><a href=\"https:\/\/permaculture-equine.fr\/en\/mon-compte\/\"><strong>tableau de bord utilisateur &gt;&gt;<\/strong><\/a><\/li>\n<li><a href=\"https:\/\/permaculture-equine.fr\/en\/profil-etudiant\/\"><strong>profil \u00e9tudiant &gt;&gt;<\/strong><\/a><\/li>\n<li>acc\u00e8s aux <a href=\"https:\/\/permaculture-equine.fr\/en\/forum\/\"><strong>forums des \u00e9tudiants &gt;&gt;<\/strong><\/a><\/li>\n<\/ul>\n<p>=&gt; si vous avez perdu votre mot de passe <a href=\"https:\/\/permaculture-equine.fr\/en\/mon-compte\/mot-de-passe-perdu\/\"><strong>cliquez sur ce lien pour le r\u00e9initialiser &gt;&gt;<\/strong><\/a><\/p>\n<p><\/p>\t\t\t\t\t\t\t\t<\/div>\n\t\t\t\t<\/div>\n\t\t\t\t\t<\/div>\n\t\t<\/div>\n\t\t\t\t\t<\/div>\n\t\t<\/section>\n\t\t\t\t<\/div>","protected":false},"excerpt":{"rendered":"<p>Pour devenir membre du site de permaculture \u00e9quine il suffit d&#8217;aller sur les pages du site : pour vous inscrire aux formations en ligne &gt;&gt;, laisser un commentaire sur le blog &gt;&gt;, ou encore pour acheter un des articles de la petite boutique &gt;&gt;. =&gt; Vous serez invit\u00e9 \u00e0 vous connecter en cr\u00e9ant votre identifiant&#8230;.<\/p>","protected":false},"author":1,"featured_media":0,"parent":0,"menu_order":0,"comment_status":"closed","ping_status":"closed","template":"","meta":{"_monsterinsights_skip_tracking":false,"_monsterinsights_sitenote_active":false,"_monsterinsights_sitenote_note":"","_monsterinsights_sitenote_category":0,"_kadence_starter_templates_imported_post":false,"_kad_post_transparent":"","_kad_post_title":"","_kad_post_layout":"","_kad_post_sidebar_id":"","_kad_post_content_style":"","_kad_post_vertical_padding":"","_kad_post_feature":"","_kad_post_feature_position":"","_kad_post_header":false,"_kad_post_footer":false,"_kad_post_classname":"","footnotes":""},"class_list":["post-6976","page","type-page","status-publish","hentry"],"jetpack_sharing_enabled":true,"_links":{"self":[{"href":"https:\/\/permaculture-equine.fr\/en\/wp-json\/wp\/v2\/pages\/6976","targetHints":{"allow":["GET"]}}],"collection":[{"href":"https:\/\/permaculture-equine.fr\/en\/wp-json\/wp\/v2\/pages"}],"about":[{"href":"https:\/\/permaculture-equine.fr\/en\/wp-json\/wp\/v2\/types\/page"}],"author":[{"embeddable":true,"href":"https:\/\/permaculture-equine.fr\/en\/wp-json\/wp\/v2\/users\/1"}],"replies":[{"embeddable":true,"href":"https:\/\/permaculture-equine.fr\/en\/wp-json\/wp\/v2\/comments?post=6976"}],"version-history":[{"count":50,"href":"https:\/\/permaculture-equine.fr\/en\/wp-json\/wp\/v2\/pages\/6976\/revisions"}],"predecessor-version":[{"id":7029,"href":"https:\/\/permaculture-equine.fr\/en\/wp-json\/wp\/v2\/pages\/6976\/revisions\/7029"}],"wp:attachment":[{"href":"https:\/\/permaculture-equine.fr\/en\/wp-json\/wp\/v2\/media?parent=6976"}],"curies":[{"name":"wp","href":"https:\/\/api.w.org\/{rel}","templated":true}]}}