{"id":3923,"date":"2021-02-28T22:55:51","date_gmt":"2021-02-28T21:55:51","guid":{"rendered":"https:\/\/permaculture-equine.fr\/forum\/"},"modified":"2021-05-06T11:24:29","modified_gmt":"2021-05-06T09:24:29","slug":"forum","status":"publish","type":"page","link":"https:\/\/permaculture-equine.fr\/en\/forum\/","title":{"rendered":"Forum"},"content":{"rendered":"\t\t<div data-elementor-type=\"wp-page\" data-elementor-id=\"3923\" class=\"elementor elementor-3923\">\n\t\t\t\t\t\t<section class=\"elementor-section elementor-top-section elementor-element elementor-element-1317fd4 elementor-section-boxed elementor-section-height-default elementor-section-height-default\" data-id=\"1317fd4\" data-element_type=\"section\" data-e-type=\"section\">\n\t\t\t\t\t\t<div class=\"elementor-container elementor-column-gap-default\">\n\t\t\t\t\t<div class=\"elementor-column elementor-col-100 elementor-top-column elementor-element elementor-element-65b473b\" data-id=\"65b473b\" data-element_type=\"column\" data-e-type=\"column\">\n\t\t\t<div class=\"elementor-widget-wrap elementor-element-populated\">\n\t\t\t\t\t\t<div class=\"elementor-element elementor-element-dc75abc elementor-widget elementor-widget-spacer\" data-id=\"dc75abc\" data-element_type=\"widget\" data-e-type=\"widget\" data-widget_type=\"spacer.default\">\n\t\t\t\t<div class=\"elementor-widget-container\">\n\t\t\t\t\t\t\t<div class=\"elementor-spacer\">\n\t\t\t<div class=\"elementor-spacer-inner\"><\/div>\n\t\t<\/div>\n\t\t\t\t\t\t<\/div>\n\t\t\t\t<\/div>\n\t\t\t\t\t<\/div>\n\t\t<\/div>\n\t\t\t\t\t<\/div>\n\t\t<\/section>\n\t\t\t\t<section class=\"elementor-section elementor-top-section elementor-element elementor-element-f630ee7 elementor-section-boxed elementor-section-height-default elementor-section-height-default\" data-id=\"f630ee7\" data-element_type=\"section\" data-e-type=\"section\" data-settings=\"{&quot;background_background&quot;:&quot;slideshow&quot;,&quot;background_slideshow_gallery&quot;:[{&quot;id&quot;:2230,&quot;url&quot;:&quot;https:\\\/\\\/permaculture-equine.fr\\\/wp-content\\\/uploads\\\/2021\\\/01\\\/143715283_1064935157318794_2901402551503011837_n.jpg&quot;},{&quot;id&quot;:2057,&quot;url&quot;:&quot;https:\\\/\\\/permaculture-equine.fr\\\/wp-content\\\/uploads\\\/2021\\\/01\\\/ronce.jpg&quot;},{&quot;id&quot;:6363,&quot;url&quot;:&quot;https:\\\/\\\/permaculture-equine.fr\\\/wp-content\\\/uploads\\\/2021\\\/04\\\/IMG_1148-1-scaled.jpg&quot;},{&quot;id&quot;:6361,&quot;url&quot;:&quot;https:\\\/\\\/permaculture-equine.fr\\\/wp-content\\\/uploads\\\/2021\\\/04\\\/IMG_1127-scaled.jpg&quot;},{&quot;id&quot;:2252,&quot;url&quot;:&quot;https:\\\/\\\/permaculture-equine.fr\\\/wp-content\\\/uploads\\\/2021\\\/01\\\/144340568_121290453194758_3963255628442932869_n.jpg&quot;},{&quot;id&quot;:2239,&quot;url&quot;:&quot;https:\\\/\\\/permaculture-equine.fr\\\/wp-content\\\/uploads\\\/2021\\\/01\\\/144201140_443105216829872_2111282431637144948_n.jpg&quot;},{&quot;id&quot;:1282,&quot;url&quot;:&quot;https:\\\/\\\/permaculture-equine.fr\\\/wp-content\\\/uploads\\\/2021\\\/01\\\/oeil-scaled.jpg&quot;}],&quot;background_slideshow_loop&quot;:&quot;yes&quot;,&quot;background_slideshow_slide_duration&quot;:5000,&quot;background_slideshow_slide_transition&quot;:&quot;fade&quot;,&quot;background_slideshow_transition_duration&quot;:500}\">\n\t\t\t\t\t\t<div class=\"elementor-container elementor-column-gap-default\">\n\t\t\t\t\t<div class=\"elementor-column elementor-col-100 elementor-top-column elementor-element elementor-element-2c54515\" data-id=\"2c54515\" data-element_type=\"column\" data-e-type=\"column\">\n\t\t\t<div class=\"elementor-widget-wrap elementor-element-populated\">\n\t\t\t\t\t\t<div class=\"elementor-element elementor-element-739ef20 elementor-widget elementor-widget-spacer\" data-id=\"739ef20\" data-element_type=\"widget\" data-e-type=\"widget\" data-widget_type=\"spacer.default\">\n\t\t\t\t<div class=\"elementor-widget-container\">\n\t\t\t\t\t\t\t<div class=\"elementor-spacer\">\n\t\t\t<div class=\"elementor-spacer-inner\"><\/div>\n\t\t<\/div>\n\t\t\t\t\t\t<\/div>\n\t\t\t\t<\/div>\n\t\t\t\t\t<\/div>\n\t\t<\/div>\n\t\t\t\t\t<\/div>\n\t\t<\/section>\n\t\t\t\t<section class=\"elementor-section elementor-top-section elementor-element elementor-element-5b4d3af0 elementor-section-boxed elementor-section-height-default elementor-section-height-default\" data-id=\"5b4d3af0\" data-element_type=\"section\" data-e-type=\"section\">\n\t\t\t\t\t\t<div class=\"elementor-container elementor-column-gap-default\">\n\t\t\t\t\t<div class=\"elementor-column elementor-col-100 elementor-top-column elementor-element elementor-element-4d989e64\" data-id=\"4d989e64\" data-element_type=\"column\" data-e-type=\"column\">\n\t\t\t<div class=\"elementor-widget-wrap elementor-element-populated\">\n\t\t\t\t\t\t<div class=\"elementor-element elementor-element-166dd39a elementor-widget elementor-widget-shortcode\" data-id=\"166dd39a\" data-element_type=\"widget\" data-e-type=\"widget\" data-widget_type=\"shortcode.default\">\n\t\t\t\t<div class=\"elementor-widget-container\">\n\t\t\t\t\t\t\t<div class=\"elementor-shortcode\"><div id=\"af-wrapper\"><div id=\"forum-header\"><div id=\"forum-navigation-mobile\"><a><span class=\"fas fa-bars\"><\/span>Menu<\/a><\/div><span class=\"screen-reader-text\">Forum Navigation<\/span><div id=\"forum-navigation\"><a class=\"home-link\" href=\"https:\/\/permaculture-equine.fr\/en\/forum\" target=\"_self\">Forum<\/a><a class=\"activity-link\" href=\"https:\/\/permaculture-equine.fr\/en\/forum\/activity\/\" target=\"_self\">Activity<\/a><a class=\"login-link\" href=\"https:\/\/permaculture-equine.fr\/wp-login.php?redirect_to=https%3A%2F%2Fpermaculture-equine.fr%2Fen%2Fwp-json%2Fwp%2Fv2%2Fpages%2F3923\" target=\"_self\">Login<\/a><a class=\"register-link\" href=\"https:\/\/permaculture-equine.fr\/wp-login.php?action=register\" target=\"_self\">Register<\/a><\/div><div id=\"forum-search\"><span class=\"search-icon fas fa-search\"><\/span><form method=\"get\" action=\"https:\/\/permaculture-equine.fr\/en\/forum\/search\/\"><input name=\"keywords\" type=\"search\" placeholder=\"Search ...\" value=\"\"><\/form><\/div><div class=\"clear\"><\/div><\/div><div id=\"forum-breadcrumbs\" itemscope itemtype=\"http:\/\/schema.org\/BreadcrumbList\"><span class=\"screen-reader-text\">Forum breadcrumbs - You are here:<\/span><span class=\"breadcrumb-icon fas fa-home\"><\/span><span itemprop=\"itemListElement\" itemscope itemtype=\"https:\/\/schema.org\/ListItem\"><a itemprop=\"item\" href=\"https:\/\/permaculture-equine.fr\/en\/forum\" title=\"Forum\"><span itemprop=\"name\">Forum<\/span><\/a><meta itemprop=\"position\" content=\"1\"><\/span><span class=\"breadcrumb-icon fas fa-chevron-right separator\"><\/span><\/div><h1 class=\"main-title main-title-\">Forum<\/h1><div class=\"title-element\" id=\"forum-category-44\">Pr\u00e9sentation<span class=\"last-post-headline\">Last post<\/span><\/div><div class=\"content-container\"><div class=\"content-element forum\" id=\"forum-7\"><div class=\"forum-status unread\"><i class=\"fas fa-comments\"><\/i><\/div><div class=\"forum-name\"><a class=\"forum-title\" href=\"https:\/\/permaculture-equine.fr\/en\/forum\/forum\/nouveaux-membres\/\">Nouveaux Membres<\/a><small class=\"forum-description\">Dans cette rubrique vous \u00eates invit\u00e9s \u00e0 vous pr\u00e9senter.<\/small><small class=\"forum-stats\">20 Topics&nbsp;&middot;&nbsp;29 Posts<\/small><small class=\"forum-lastpost-small\">Last post:&nbsp;<a href=\"https:\/\/permaculture-equine.fr\/en\/forum\/topic\/projet-equipistes-en-permaculture\/#postid-180\">Projet \u00e9quipistes en Permaculture<\/a>&nbsp;&middot;&nbsp;<a href=\"https:\/\/permaculture-equine.fr\/en\/forum\/topic\/projet-equipistes-en-permaculture\/#postid-180\">1 year ago<\/a>&nbsp;&middot;&nbsp;<a class=\"profile-link highlight-default\" href=\"#\">Eona<\/a><\/small><\/div><div class=\"forum-poster\"><div class=\"forum-poster-avatar\"><img alt='' src='https:\/\/secure.gravatar.com\/avatar\/dfcfc2d922bde30c0fcf3a31bcc45b67c525165fb1253e88ac26eeeeb69d63c0?s=40&#038;d=mm&#038;r=g' srcset='https:\/\/secure.gravatar.com\/avatar\/dfcfc2d922bde30c0fcf3a31bcc45b67c525165fb1253e88ac26eeeeb69d63c0?s=80&#038;d=mm&#038;r=g 2x' class='avatar avatar-40 photo' height='40' width='40' \/><\/div><div class=\"forum-poster-summary\"><a href=\"https:\/\/permaculture-equine.fr\/en\/forum\/topic\/projet-equipistes-en-permaculture\/#postid-180\">Projet \u00e9quipistes en Perm &#8230;<\/a><br><small><a href=\"https:\/\/permaculture-equine.fr\/en\/forum\/topic\/projet-equipistes-en-permaculture\/#postid-180\">1 year ago<\/a><span>&nbsp;&middot;&nbsp;<\/span><a class=\"profile-link highlight-default\" href=\"#\">Eona<\/a><\/small><\/div><\/div><\/div><div class=\"content-element forum\" id=\"forum-8\"><div class=\"forum-status read\"><i class=\"fas fa-comments\"><\/i><\/div><div class=\"forum-name\"><a class=\"forum-title\" href=\"https:\/\/permaculture-equine.fr\/en\/forum\/forum\/discussion-privee\/\">Discussions &quot;hors formation&quot;<\/a><small class=\"forum-description\">Cette rubrique est l\u00e0 pour que vous puissiez aborder des sujets qui sortent du cadre direct de la formation mais qui sont importants \u00e0 vos yeux.<\/small><small class=\"forum-stats\">0 Topics&nbsp;&middot;&nbsp;0 Posts<\/small><small class=\"forum-lastpost-small\"><small class=\"no-topics\">No topics yet!<\/small><\/small><\/div><div class=\"forum-poster\"><small class=\"no-topics\">No topics yet!<\/small><\/div><\/div><\/div><div id=\"read-unread\"><span class=\"indicator unread\"><\/span><span class=\"indicator-label\">New posts<\/span><span class=\"indicator read\"><\/span><span class=\"indicator-label\">Nothing new<\/span><span class=\"indicator-label\"><span class=\"fas fa-check\"><\/span><a href=\"https:\/\/permaculture-equine.fr\/en\/forum\/markallread\/?_wpnonce=0c4efe387c\">Mark All Read<\/a><\/span><span class=\"indicator-label\"><span class=\"fas fa-history\"><\/span><a href=\"https:\/\/permaculture-equine.fr\/en\/forum\/unread\/\">Show Unread Topics<\/a><\/span><div class=\"clear\"><\/div><\/div><div id=\"bottom-navigation\"><\/div><div class=\"clear\"><\/div><\/div><\/div>\n\t\t\t\t\t\t<\/div>\n\t\t\t\t<\/div>\n\t\t\t\t\t<\/div>\n\t\t<\/div>\n\t\t\t\t\t<\/div>\n\t\t<\/section>\n\t\t\t\t<\/div>\n\t\t","protected":false},"excerpt":{"rendered":"","protected":false},"author":1,"featured_media":0,"parent":0,"menu_order":0,"comment_status":"closed","ping_status":"closed","template":"","meta":{"_monsterinsights_skip_tracking":false,"_monsterinsights_sitenote_active":false,"_monsterinsights_sitenote_note":"","_monsterinsights_sitenote_category":0,"_kadence_starter_templates_imported_post":false,"_kad_post_transparent":"","_kad_post_title":"","_kad_post_layout":"","_kad_post_sidebar_id":"","_kad_post_content_style":"","_kad_post_vertical_padding":"","_kad_post_feature":"","_kad_post_feature_position":"","_kad_post_header":false,"_kad_post_footer":false,"_kad_post_classname":"","footnotes":""},"class_list":["post-3923","page","type-page","status-publish","hentry"],"jetpack_sharing_enabled":true,"_links":{"self":[{"href":"https:\/\/permaculture-equine.fr\/en\/wp-json\/wp\/v2\/pages\/3923","targetHints":{"allow":["GET"]}}],"collection":[{"href":"https:\/\/permaculture-equine.fr\/en\/wp-json\/wp\/v2\/pages"}],"about":[{"href":"https:\/\/permaculture-equine.fr\/en\/wp-json\/wp\/v2\/types\/page"}],"author":[{"embeddable":true,"href":"https:\/\/permaculture-equine.fr\/en\/wp-json\/wp\/v2\/users\/1"}],"replies":[{"embeddable":true,"href":"https:\/\/permaculture-equine.fr\/en\/wp-json\/wp\/v2\/comments?post=3923"}],"version-history":[{"count":21,"href":"https:\/\/permaculture-equine.fr\/en\/wp-json\/wp\/v2\/pages\/3923\/revisions"}],"predecessor-version":[{"id":6913,"href":"https:\/\/permaculture-equine.fr\/en\/wp-json\/wp\/v2\/pages\/3923\/revisions\/6913"}],"wp:attachment":[{"href":"https:\/\/permaculture-equine.fr\/en\/wp-json\/wp\/v2\/media?parent=3923"}],"curies":[{"name":"wp","href":"https:\/\/api.w.org\/{rel}","templated":true}]}}