{"id":265,"date":"2021-01-11T18:33:06","date_gmt":"2021-01-11T17:33:06","guid":{"rendered":"https:\/\/permaculture-equine.fr\/?page_id=265"},"modified":"2023-09-29T19:18:05","modified_gmt":"2023-09-29T17:18:05","slug":"aide-a-la-conception-de-design","status":"publish","type":"page","link":"https:\/\/permaculture-equine.fr\/en\/aide-a-la-conception-de-design\/","title":{"rendered":"Design assistance"},"content":{"rendered":"\t\t<div data-elementor-type=\"wp-page\" data-elementor-id=\"265\" class=\"elementor elementor-265\">\n\t\t\t\t\t\t<section class=\"elementor-section elementor-top-section elementor-element elementor-element-af5a26d elementor-section-boxed elementor-section-height-default elementor-section-height-default\" data-id=\"af5a26d\" data-element_type=\"section\" data-e-type=\"section\">\n\t\t\t\t\t\t<div class=\"elementor-container elementor-column-gap-default\">\n\t\t\t\t\t<div class=\"elementor-column elementor-col-100 elementor-top-column elementor-element elementor-element-f533eaa\" data-id=\"f533eaa\" data-element_type=\"column\" data-e-type=\"column\">\n\t\t\t<div class=\"elementor-widget-wrap elementor-element-populated\">\n\t\t\t\t\t\t<div class=\"elementor-element elementor-element-f5c1689 elementor-widget elementor-widget-spacer\" data-id=\"f5c1689\" data-element_type=\"widget\" data-e-type=\"widget\" data-widget_type=\"spacer.default\">\n\t\t\t\t<div class=\"elementor-widget-container\">\n\t\t\t\t\t\t\t<div class=\"elementor-spacer\">\n\t\t\t<div class=\"elementor-spacer-inner\"><\/div>\n\t\t<\/div>\n\t\t\t\t\t\t<\/div>\n\t\t\t\t<\/div>\n\t\t\t\t\t<\/div>\n\t\t<\/div>\n\t\t\t\t\t<\/div>\n\t\t<\/section>\n\t\t\t\t<section class=\"elementor-section elementor-top-section elementor-element elementor-element-aeb014e elementor-section-boxed elementor-section-height-default elementor-section-height-default\" data-id=\"aeb014e\" data-element_type=\"section\" data-e-type=\"section\" data-settings=\"{&quot;background_background&quot;:&quot;slideshow&quot;,&quot;background_slideshow_gallery&quot;:[{&quot;id&quot;:2237,&quot;url&quot;:&quot;https:\\\/\\\/permaculture-equine.fr\\\/wp-content\\\/uploads\\\/2021\\\/01\\\/144202307_422789105657428_3096218454536768991_n.jpg&quot;}],&quot;background_slideshow_loop&quot;:&quot;yes&quot;,&quot;background_slideshow_slide_duration&quot;:5000,&quot;background_slideshow_slide_transition&quot;:&quot;fade&quot;,&quot;background_slideshow_transition_duration&quot;:500}\">\n\t\t\t\t\t\t<div class=\"elementor-container elementor-column-gap-default\">\n\t\t\t\t\t<div class=\"elementor-column elementor-col-100 elementor-top-column elementor-element elementor-element-a81be80\" data-id=\"a81be80\" data-element_type=\"column\" data-e-type=\"column\">\n\t\t\t<div class=\"elementor-widget-wrap elementor-element-populated\">\n\t\t\t\t\t\t<div class=\"elementor-element elementor-element-35292c0 elementor-widget elementor-widget-spacer\" data-id=\"35292c0\" data-element_type=\"widget\" data-e-type=\"widget\" data-widget_type=\"spacer.default\">\n\t\t\t\t<div class=\"elementor-widget-container\">\n\t\t\t\t\t\t\t<div class=\"elementor-spacer\">\n\t\t\t<div class=\"elementor-spacer-inner\"><\/div>\n\t\t<\/div>\n\t\t\t\t\t\t<\/div>\n\t\t\t\t<\/div>\n\t\t\t\t<section class=\"elementor-section elementor-inner-section elementor-element elementor-element-b02d3da elementor-section-boxed elementor-section-height-default elementor-section-height-default\" data-id=\"b02d3da\" data-element_type=\"section\" data-e-type=\"section\">\n\t\t\t\t\t\t<div class=\"elementor-container elementor-column-gap-default\">\n\t\t\t\t\t<div class=\"elementor-column elementor-col-50 elementor-inner-column elementor-element elementor-element-8bcb6d3\" data-id=\"8bcb6d3\" data-element_type=\"column\" data-e-type=\"column\">\n\t\t\t<div class=\"elementor-widget-wrap elementor-element-populated\">\n\t\t\t\t\t\t<div class=\"elementor-element elementor-element-c4f8ad4 elementor-widget elementor-widget-heading\" data-id=\"c4f8ad4\" data-element_type=\"widget\" data-e-type=\"widget\" data-widget_type=\"heading.default\">\n\t\t\t\t<div class=\"elementor-widget-container\">\n\t\t\t\t\t<h2 class=\"elementor-heading-title elementor-size-default\">Aides \u00e0 la Conception du Design de votre site<\/h2>\t\t\t\t<\/div>\n\t\t\t\t<\/div>\n\t\t\t\t\t<\/div>\n\t\t<\/div>\n\t\t\t\t<div class=\"elementor-column elementor-col-50 elementor-inner-column elementor-element elementor-element-3290bcc\" data-id=\"3290bcc\" data-element_type=\"column\" data-e-type=\"column\">\n\t\t\t<div class=\"elementor-widget-wrap\">\n\t\t\t\t\t\t\t<\/div>\n\t\t<\/div>\n\t\t\t\t\t<\/div>\n\t\t<\/section>\n\t\t\t\t\t<\/div>\n\t\t<\/div>\n\t\t\t\t\t<\/div>\n\t\t<\/section>\n\t\t\t\t<section class=\"elementor-section elementor-top-section elementor-element elementor-element-7066faf elementor-section-boxed elementor-section-height-default elementor-section-height-default\" data-id=\"7066faf\" data-element_type=\"section\" data-e-type=\"section\">\n\t\t\t\t\t\t<div class=\"elementor-container elementor-column-gap-default\">\n\t\t\t\t\t<div class=\"elementor-column elementor-col-100 elementor-top-column elementor-element elementor-element-e056653\" data-id=\"e056653\" data-element_type=\"column\" data-e-type=\"column\">\n\t\t\t<div class=\"elementor-widget-wrap elementor-element-populated\">\n\t\t\t\t\t\t<div class=\"elementor-element elementor-element-923dbf2 elementor-widget elementor-widget-spacer\" data-id=\"923dbf2\" data-element_type=\"widget\" data-e-type=\"widget\" data-widget_type=\"spacer.default\">\n\t\t\t\t<div class=\"elementor-widget-container\">\n\t\t\t\t\t\t\t<div class=\"elementor-spacer\">\n\t\t\t<div class=\"elementor-spacer-inner\"><\/div>\n\t\t<\/div>\n\t\t\t\t\t\t<\/div>\n\t\t\t\t<\/div>\n\t\t\t\t\t<\/div>\n\t\t<\/div>\n\t\t\t\t\t<\/div>\n\t\t<\/section>\n\t\t\t\t<section class=\"elementor-section elementor-top-section elementor-element elementor-element-80962d9 elementor-section-boxed elementor-section-height-default elementor-section-height-default\" data-id=\"80962d9\" data-element_type=\"section\" data-e-type=\"section\" data-settings=\"{&quot;background_background&quot;:&quot;classic&quot;}\">\n\t\t\t\t\t\t<div class=\"elementor-container elementor-column-gap-default\">\n\t\t\t\t\t<div class=\"elementor-column elementor-col-100 elementor-top-column elementor-element elementor-element-30335a7\" data-id=\"30335a7\" data-element_type=\"column\" data-e-type=\"column\">\n\t\t\t<div class=\"elementor-widget-wrap elementor-element-populated\">\n\t\t\t\t\t\t<div class=\"elementor-element elementor-element-ffcd129 elementor-widget elementor-widget-spacer\" data-id=\"ffcd129\" data-element_type=\"widget\" data-e-type=\"widget\" data-widget_type=\"spacer.default\">\n\t\t\t\t<div class=\"elementor-widget-container\">\n\t\t\t\t\t\t\t<div class=\"elementor-spacer\">\n\t\t\t<div class=\"elementor-spacer-inner\"><\/div>\n\t\t<\/div>\n\t\t\t\t\t\t<\/div>\n\t\t\t\t<\/div>\n\t\t\t\t<div class=\"elementor-element elementor-element-e737893 elementor-widget elementor-widget-text-editor\" data-id=\"e737893\" data-element_type=\"widget\" data-e-type=\"widget\" data-widget_type=\"text-editor.default\">\n\t\t\t\t<div class=\"elementor-widget-container\">\n\t\t\t\t\t\t\t\t\t<p>Les aides que nous vous offrons pour la Conception de votre Design en permaculture \u00e9quine prennent plusieurs formes. =&gt; l&#8217;objectif est d&#8217;assurer toutes les chances de r\u00e9ussir votre parcours de Designer en permaculture \u00e9quine.<\/p>\t\t\t\t\t\t\t\t<\/div>\n\t\t\t\t<\/div>\n\t\t\t\t<div class=\"elementor-element elementor-element-830d3a8 elementor-widget elementor-widget-spacer\" data-id=\"830d3a8\" data-element_type=\"widget\" data-e-type=\"widget\" data-widget_type=\"spacer.default\">\n\t\t\t\t<div class=\"elementor-widget-container\">\n\t\t\t\t\t\t\t<div class=\"elementor-spacer\">\n\t\t\t<div class=\"elementor-spacer-inner\"><\/div>\n\t\t<\/div>\n\t\t\t\t\t\t<\/div>\n\t\t\t\t<\/div>\n\t\t\t\t\t<\/div>\n\t\t<\/div>\n\t\t\t\t\t<\/div>\n\t\t<\/section>\n\t\t\t\t<section class=\"elementor-section elementor-top-section elementor-element elementor-element-9688644 elementor-section-boxed elementor-section-height-default elementor-section-height-default\" data-id=\"9688644\" data-element_type=\"section\" data-e-type=\"section\">\n\t\t\t\t\t\t<div class=\"elementor-container elementor-column-gap-default\">\n\t\t\t\t\t<div class=\"elementor-column elementor-col-33 elementor-top-column elementor-element elementor-element-bb21d9a\" data-id=\"bb21d9a\" data-element_type=\"column\" data-e-type=\"column\">\n\t\t\t<div class=\"elementor-widget-wrap\">\n\t\t\t\t\t\t\t<\/div>\n\t\t<\/div>\n\t\t\t\t<div class=\"elementor-column elementor-col-33 elementor-top-column elementor-element elementor-element-fc4d71a\" data-id=\"fc4d71a\" data-element_type=\"column\" data-e-type=\"column\">\n\t\t\t<div class=\"elementor-widget-wrap elementor-element-populated\">\n\t\t\t\t\t\t<div class=\"elementor-element elementor-element-3194277 elementor-widget elementor-widget-heading\" data-id=\"3194277\" data-element_type=\"widget\" data-e-type=\"widget\" data-widget_type=\"heading.default\">\n\t\t\t\t<div class=\"elementor-widget-container\">\n\t\t\t\t\t<h2 class=\"elementor-heading-title elementor-size-default\">Formations en ligne :<br>tutorat et mentorat<\/h2>\t\t\t\t<\/div>\n\t\t\t\t<\/div>\n\t\t\t\t<div class=\"elementor-element elementor-element-7ba707c elementor-widget__width-initial elementor-widget elementor-widget-text-editor\" data-id=\"7ba707c\" data-element_type=\"widget\" data-e-type=\"widget\" data-widget_type=\"text-editor.default\">\n\t\t\t\t<div class=\"elementor-widget-container\">\n\t\t\t\t\t\t\t\t\t<p>La formation en ligne permet :<\/p><ul><li>de rendre possible la formation \u00e0 distance\u00a0en respectant le rythme de chacun<\/li><li>est encadr\u00e9e par un tutorat et un mentorat pour accompagner et aider les \u00e9tudiants<\/li><\/ul><p>1 ) <strong>Tous les \u00e9tudiants<\/strong> disposent de l&#8217;aide et du support offerts par le <a href=\"https:\/\/www.facebook.com\/groups\/httpspermacultureequine.fr\" target=\"_blank\" rel=\"noopener\">\u00a0<b>groupe Facebook de permaculture \u00e9quine<\/b><\/a><\/p><p>2 ) <strong>Les \u00e9tudiants du parcours Initiation<\/strong> (et des regroupements de Masterclass), peuvent deman<span style=\"background-color: transparent;\">der \u00e0 b\u00e9n\u00e9ficier\u00a0 du <\/span><strong style=\"background-color: transparent;\">Tutorat<\/strong><span style=\"background-color: transparent;\"> : <\/span><strong style=\"background-color: transparent;\">1 consultation d&#8217;1 heure<\/strong><span style=\"background-color: transparent;\"> est offerte (modalit\u00e9s \u00e0 voir avec la formatrice).<\/span><\/p><p>3 ) <strong>Les \u00e9tudiants du parcours\u00a0d&#8217;approfondissement<\/strong> en\u00a0 permaculture \u00e9quine, b\u00e9n\u00e9ficient de rendez-vous personnels de soutien : c&#8217;est le <strong>Mentorat. <\/strong>Cette prestation fait partie int\u00e9grante de la formation : <strong>2 consultations d&#8217;1 heure<\/strong> sont offertes (modalit\u00e9s \u00e0 voir avec la formatrice).<\/p><p>4 ) Les \u00e9tudiants qui suivent les modules et les Masterclass &#8220;\u00e0 la carte&#8221; peuvent demander une &#8220;aide \u00e0 la conception&#8221; sans avoir \u00e0 devenir membres de l&#8217;association loi 1901 &#8220;haras du passage&#8221; qui g\u00e8re les formations en permaculture \u00e9quine (voir ci-contre)<\/p><div>\u00a0<a href=\"https:\/\/permaculture-equine.fr\/formations-en-ligne\/\" target=\"_blank\" rel=\"noopener\"><b>En savoir plus sur les formations en ligne &gt;&gt;<\/b><\/a><\/div>\t\t\t\t\t\t\t\t<\/div>\n\t\t\t\t<\/div>\n\t\t\t\t\t<\/div>\n\t\t<\/div>\n\t\t\t\t<div class=\"elementor-column elementor-col-33 elementor-top-column elementor-element elementor-element-629634a\" data-id=\"629634a\" data-element_type=\"column\" data-e-type=\"column\">\n\t\t\t<div class=\"elementor-widget-wrap elementor-element-populated\">\n\t\t\t\t\t\t<div class=\"elementor-element elementor-element-f1e4f65 elementor-widget elementor-widget-heading\" data-id=\"f1e4f65\" data-element_type=\"widget\" data-e-type=\"widget\" data-widget_type=\"heading.default\">\n\t\t\t\t<div class=\"elementor-widget-container\">\n\t\t\t\t\t<h2 class=\"elementor-heading-title elementor-size-default\">aides \u00e0 la conception<br> (d\u00e9but 2024)<\/h2>\t\t\t\t<\/div>\n\t\t\t\t<\/div>\n\t\t\t\t<div class=\"elementor-element elementor-element-9521a08 elementor-widget elementor-widget-text-editor\" data-id=\"9521a08\" data-element_type=\"widget\" data-e-type=\"widget\" data-widget_type=\"text-editor.default\">\n\t\t\t\t<div class=\"elementor-widget-container\">\n\t\t\t\t\t\t\t\t\t<p>Les \u00e9tudiants qui en expriment le besoin et les membres de l&#8217;association loi 1901 &#8220;haras du passage&#8221; (qui g\u00e8re les formations en permaculture \u00e9quine), ont un acc\u00e8s privil\u00e9gi\u00e9 \u00e0 des consultations personnalis\u00e9es.<\/p><p>=<i>&gt; modalit\u00e9s tr\u00e8s bient\u00f4t<\/i><\/p><p><strong>1 ) Consultation t\u00e9l\u00e9phonique<\/strong> (1 heure) : vous avez la possibilit\u00e9 de <strong>poser des questions courtes <\/strong>afin de pouvoir avancer dans votre projet et ne pas rester bloqu\u00e9 sur un point de compr\u00e9hension technique, ou si vous avez besoin de pistes, d&#8217;id\u00e9es et de conseils.<\/p><ul><li>premi\u00e8re \u00e9tape : vous passez votre commande dans la boutique du site<\/li><li>seconde \u00e9tape : vous posez votre ou vos questions par \u00e9crit (soit par mail &#8211; contact@permaculture-equine.fr &#8211; soit sur Messenger dans le\u00a0<a href=\"https:\/\/www.facebook.com\/groups\/httpspermacultureequine.fr\" target=\"_blank\" rel=\"noopener\"><b>groupe Facebook<\/b><\/a>)<\/li><li>troisi\u00e8me \u00e9tape : des pr\u00e9cisions vous serons sans doute demand\u00e9es avec de pr\u00e9parer la consultation<\/li><li>quatri\u00e8me \u00e9tape : quand toutes les donn\u00e9es sont r\u00e9unies, un rendez-vous est fix\u00e9 pour la consultation. Lors de la consultation 45 minutes seront consacr\u00e9es \u00e0 l&#8217;expos\u00e9 des r\u00e9ponses \u00e0 vos questions et vous pourrez ainsi demander des pr\u00e9cisions pendant 15 minutes.<\/li><\/ul><p><strong>2 ) Consultation pour Avis <\/strong>: vous avez la possibilit\u00e9 de<strong> pr\u00e9senter une partie d\u00e9j\u00e0 \u00e9labor\u00e9e de votre projet<\/strong> pour avis afin de valider certains de ses aspects (par exemple : votre trac\u00e9 et les am\u00e9nagement des pistes &#8211; les haies que vous avez planifi\u00e9es &#8211; votre gestion des acc\u00e8s \u00e0 l&#8217;herbe&#8230;).<\/p><p>Les modalit\u00e9s sont semblables \u00e0 celles de la consultation t\u00e9l\u00e9phonique, mais il y aura 2 rendez-vous :<\/p><ul><li>premier rendez-vous : pour pr\u00e9senter votre projet et r\u00e9unir toutes les donn\u00e9es qui seront n\u00e9cessaires afin de bien pr\u00e9ciser vos objectifs, limites et ressources pour ce projet.<\/li><li>second rendez-vous : pour mettre en ad\u00e9quation ces donn\u00e9es avec votre projet ; pour vous faire des propositions et vous donner des conseils afin de mener \u00e0 bien votre projet.<\/li><\/ul>\t\t\t\t\t\t\t\t<\/div>\n\t\t\t\t<\/div>\n\t\t\t\t\t<\/div>\n\t\t<\/div>\n\t\t\t\t\t<\/div>\n\t\t<\/section>\n\t\t\t\t<section class=\"elementor-section elementor-top-section elementor-element elementor-element-bc10734 elementor-section-boxed elementor-section-height-default elementor-section-height-default\" data-id=\"bc10734\" data-element_type=\"section\" data-e-type=\"section\" data-settings=\"{&quot;background_background&quot;:&quot;classic&quot;}\">\n\t\t\t\t\t\t<div class=\"elementor-container elementor-column-gap-default\">\n\t\t\t\t\t<div class=\"elementor-column elementor-col-100 elementor-top-column elementor-element elementor-element-e656f79\" data-id=\"e656f79\" data-element_type=\"column\" data-e-type=\"column\">\n\t\t\t<div class=\"elementor-widget-wrap elementor-element-populated\">\n\t\t\t\t\t\t<div class=\"elementor-element elementor-element-fa45760 elementor-widget elementor-widget-text-editor\" data-id=\"fa45760\" data-element_type=\"widget\" data-e-type=\"widget\" data-widget_type=\"text-editor.default\">\n\t\t\t\t<div class=\"elementor-widget-container\">\n\t\t\t\t\t\t\t\t\t<p>La permaculture \u00e9quine est sur <strong>Pinterest\u00a0<\/strong> : <a href=\"https:\/\/www.pinterest.fr\/ValdeVie14\/_saved\/\"><strong>venez d\u00e9couvrir des illustrations sur les h\u00e9bergements innovants sur piste ici<\/strong><\/a><\/p>\t\t\t\t\t\t\t\t<\/div>\n\t\t\t\t<\/div>\n\t\t\t\t<div class=\"elementor-element elementor-element-c7e12c6 elementor-widget elementor-widget-spacer\" data-id=\"c7e12c6\" data-element_type=\"widget\" data-e-type=\"widget\" data-widget_type=\"spacer.default\">\n\t\t\t\t<div class=\"elementor-widget-container\">\n\t\t\t\t\t\t\t<div class=\"elementor-spacer\">\n\t\t\t<div class=\"elementor-spacer-inner\"><\/div>\n\t\t<\/div>\n\t\t\t\t\t\t<\/div>\n\t\t\t\t<\/div>\n\t\t\t\t\t<\/div>\n\t\t<\/div>\n\t\t\t\t\t<\/div>\n\t\t<\/section>\n\t\t\t\t<section class=\"elementor-section elementor-top-section elementor-element elementor-element-d12d73d elementor-section-boxed elementor-section-height-default elementor-section-height-default\" data-id=\"d12d73d\" data-element_type=\"section\" data-e-type=\"section\">\n\t\t\t\t\t\t<div class=\"elementor-container elementor-column-gap-default\">\n\t\t\t\t\t<div class=\"elementor-column elementor-col-100 elementor-top-column elementor-element elementor-element-3d2953a\" data-id=\"3d2953a\" data-element_type=\"column\" data-e-type=\"column\">\n\t\t\t<div class=\"elementor-widget-wrap elementor-element-populated\">\n\t\t\t\t\t\t<div class=\"elementor-element elementor-element-7bcbd02 elementor-widget elementor-widget-spacer\" data-id=\"7bcbd02\" data-element_type=\"widget\" data-e-type=\"widget\" data-widget_type=\"spacer.default\">\n\t\t\t\t<div class=\"elementor-widget-container\">\n\t\t\t\t\t\t\t<div class=\"elementor-spacer\">\n\t\t\t<div class=\"elementor-spacer-inner\"><\/div>\n\t\t<\/div>\n\t\t\t\t\t\t<\/div>\n\t\t\t\t<\/div>\n\t\t\t\t\t<\/div>\n\t\t<\/div>\n\t\t\t\t\t<\/div>\n\t\t<\/section>\n\t\t\t\t<\/div>\n\t\t","protected":false},"excerpt":{"rendered":"<p>Aides \u00e0 la Conception du Design de votre site Les aides que nous vous offrons pour la Conception de votre Design en permaculture \u00e9quine prennent plusieurs formes. =&gt; l&#8217;objectif est d&#8217;assurer toutes les chances de r\u00e9ussir votre parcours de Designer en permaculture \u00e9quine. Formations en ligne :tutorat et mentorat La formation en ligne permet :&#8230;<\/p>","protected":false},"author":1,"featured_media":0,"parent":0,"menu_order":0,"comment_status":"closed","ping_status":"closed","template":"","meta":{"_monsterinsights_skip_tracking":false,"_monsterinsights_sitenote_active":false,"_monsterinsights_sitenote_note":"","_monsterinsights_sitenote_category":0,"_kadence_starter_templates_imported_post":false,"_kad_post_transparent":"","_kad_post_title":"hide","_kad_post_layout":"fullwidth","_kad_post_sidebar_id":"","_kad_post_content_style":"unboxed","_kad_post_vertical_padding":"hide","_kad_post_feature":"hide","_kad_post_feature_position":"","_kad_post_header":false,"_kad_post_footer":false,"_kad_post_classname":"","footnotes":""},"class_list":["post-265","page","type-page","status-publish","hentry"],"jetpack_sharing_enabled":true,"_links":{"self":[{"href":"https:\/\/permaculture-equine.fr\/en\/wp-json\/wp\/v2\/pages\/265","targetHints":{"allow":["GET"]}}],"collection":[{"href":"https:\/\/permaculture-equine.fr\/en\/wp-json\/wp\/v2\/pages"}],"about":[{"href":"https:\/\/permaculture-equine.fr\/en\/wp-json\/wp\/v2\/types\/page"}],"author":[{"embeddable":true,"href":"https:\/\/permaculture-equine.fr\/en\/wp-json\/wp\/v2\/users\/1"}],"replies":[{"embeddable":true,"href":"https:\/\/permaculture-equine.fr\/en\/wp-json\/wp\/v2\/comments?post=265"}],"version-history":[{"count":166,"href":"https:\/\/permaculture-equine.fr\/en\/wp-json\/wp\/v2\/pages\/265\/revisions"}],"predecessor-version":[{"id":12441,"href":"https:\/\/permaculture-equine.fr\/en\/wp-json\/wp\/v2\/pages\/265\/revisions\/12441"}],"wp:attachment":[{"href":"https:\/\/permaculture-equine.fr\/en\/wp-json\/wp\/v2\/media?parent=265"}],"curies":[{"name":"wp","href":"https:\/\/api.w.org\/{rel}","templated":true}]}}