{"id":249,"date":"2021-01-11T18:28:04","date_gmt":"2021-01-11T17:28:04","guid":{"rendered":"https:\/\/permaculture-equine.fr\/?page_id=249"},"modified":"2023-02-08T18:12:47","modified_gmt":"2023-02-08T17:12:47","slug":"accueil-des-chevaux","status":"publish","type":"page","link":"https:\/\/permaculture-equine.fr\/en\/accueil-des-chevaux\/","title":{"rendered":"For horses"},"content":{"rendered":"\t\t<div data-elementor-type=\"wp-page\" data-elementor-id=\"249\" class=\"elementor elementor-249\">\n\t\t\t\t\t\t<section class=\"elementor-section elementor-top-section elementor-element elementor-element-0aaae21 elementor-section-boxed elementor-section-height-default elementor-section-height-default\" data-id=\"0aaae21\" data-element_type=\"section\" data-e-type=\"section\">\n\t\t\t\t\t\t<div class=\"elementor-container elementor-column-gap-default\">\n\t\t\t\t\t<div class=\"elementor-column elementor-col-100 elementor-top-column elementor-element elementor-element-1e16f1e\" data-id=\"1e16f1e\" data-element_type=\"column\" data-e-type=\"column\">\n\t\t\t<div class=\"elementor-widget-wrap elementor-element-populated\">\n\t\t\t\t\t\t<div class=\"elementor-element elementor-element-4c6ce46 elementor-widget elementor-widget-spacer\" data-id=\"4c6ce46\" data-element_type=\"widget\" data-e-type=\"widget\" data-widget_type=\"spacer.default\">\n\t\t\t\t<div class=\"elementor-widget-container\">\n\t\t\t\t\t\t\t<div class=\"elementor-spacer\">\n\t\t\t<div class=\"elementor-spacer-inner\"><\/div>\n\t\t<\/div>\n\t\t\t\t\t\t<\/div>\n\t\t\t\t<\/div>\n\t\t\t\t\t<\/div>\n\t\t<\/div>\n\t\t\t\t\t<\/div>\n\t\t<\/section>\n\t\t\t\t<section class=\"elementor-section elementor-top-section elementor-element elementor-element-01a1ff2 elementor-section-boxed elementor-section-height-default elementor-section-height-default\" data-id=\"01a1ff2\" data-element_type=\"section\" data-e-type=\"section\" data-settings=\"{&quot;background_background&quot;:&quot;slideshow&quot;,&quot;background_slideshow_gallery&quot;:[],&quot;background_slideshow_loop&quot;:&quot;yes&quot;,&quot;background_slideshow_slide_duration&quot;:5000,&quot;background_slideshow_slide_transition&quot;:&quot;fade&quot;,&quot;background_slideshow_transition_duration&quot;:500}\">\n\t\t\t\t\t\t<div class=\"elementor-container elementor-column-gap-default\">\n\t\t\t\t\t<div class=\"elementor-column elementor-col-100 elementor-top-column elementor-element elementor-element-ed4d64c\" data-id=\"ed4d64c\" data-element_type=\"column\" data-e-type=\"column\" data-settings=\"{&quot;background_background&quot;:&quot;slideshow&quot;,&quot;background_slideshow_gallery&quot;:[{&quot;id&quot;:2066,&quot;url&quot;:&quot;https:\\\/\\\/permaculture-equine.fr\\\/wp-content\\\/uploads\\\/2021\\\/01\\\/inondation.jpg&quot;}],&quot;background_slideshow_loop&quot;:&quot;yes&quot;,&quot;background_slideshow_slide_duration&quot;:5000,&quot;background_slideshow_slide_transition&quot;:&quot;fade&quot;,&quot;background_slideshow_transition_duration&quot;:500}\">\n\t\t\t<div class=\"elementor-widget-wrap elementor-element-populated\">\n\t\t\t\t\t\t<div class=\"elementor-element elementor-element-5bad14f elementor-widget elementor-widget-spacer\" data-id=\"5bad14f\" data-element_type=\"widget\" data-e-type=\"widget\" data-widget_type=\"spacer.default\">\n\t\t\t\t<div class=\"elementor-widget-container\">\n\t\t\t\t\t\t\t<div class=\"elementor-spacer\">\n\t\t\t<div class=\"elementor-spacer-inner\"><\/div>\n\t\t<\/div>\n\t\t\t\t\t\t<\/div>\n\t\t\t\t<\/div>\n\t\t\t\t\t<\/div>\n\t\t<\/div>\n\t\t\t\t\t<\/div>\n\t\t<\/section>\n\t\t\t\t<section class=\"elementor-section elementor-top-section elementor-element elementor-element-7de58a9 elementor-section-boxed elementor-section-height-default elementor-section-height-default\" data-id=\"7de58a9\" data-element_type=\"section\" data-e-type=\"section\">\n\t\t\t\t\t\t<div class=\"elementor-container elementor-column-gap-default\">\n\t\t\t\t\t<div class=\"elementor-column elementor-col-100 elementor-top-column elementor-element elementor-element-1729a27\" data-id=\"1729a27\" data-element_type=\"column\" data-e-type=\"column\">\n\t\t\t<div class=\"elementor-widget-wrap elementor-element-populated\">\n\t\t\t\t\t\t<div class=\"elementor-element elementor-element-154e754 elementor-widget elementor-widget-spacer\" data-id=\"154e754\" data-element_type=\"widget\" data-e-type=\"widget\" data-widget_type=\"spacer.default\">\n\t\t\t\t<div class=\"elementor-widget-container\">\n\t\t\t\t\t\t\t<div class=\"elementor-spacer\">\n\t\t\t<div class=\"elementor-spacer-inner\"><\/div>\n\t\t<\/div>\n\t\t\t\t\t\t<\/div>\n\t\t\t\t<\/div>\n\t\t\t\t\t<\/div>\n\t\t<\/div>\n\t\t\t\t\t<\/div>\n\t\t<\/section>\n\t\t\t\t<section class=\"elementor-section elementor-top-section elementor-element elementor-element-98bb1f6 elementor-section-boxed elementor-section-height-default elementor-section-height-default\" data-id=\"98bb1f6\" data-element_type=\"section\" data-e-type=\"section\">\n\t\t\t\t\t\t<div class=\"elementor-container elementor-column-gap-default\">\n\t\t\t\t\t<div class=\"elementor-column elementor-col-100 elementor-top-column elementor-element elementor-element-4347ad1\" data-id=\"4347ad1\" data-element_type=\"column\" data-e-type=\"column\">\n\t\t\t<div class=\"elementor-widget-wrap elementor-element-populated\">\n\t\t\t\t\t\t<div class=\"elementor-element elementor-element-7008553 elementor-widget elementor-widget-heading\" data-id=\"7008553\" data-element_type=\"widget\" data-e-type=\"widget\" data-widget_type=\"heading.default\">\n\t\t\t\t<div class=\"elementor-widget-container\">\n\t\t\t\t\t<h2 class=\"elementor-heading-title elementor-size-default\">ACCUEIL DES CHEVAUX AU VAL DE VIE<\/h2>\t\t\t\t<\/div>\n\t\t\t\t<\/div>\n\t\t\t\t<div class=\"elementor-element elementor-element-023743d elementor-widget elementor-widget-spacer\" data-id=\"023743d\" data-element_type=\"widget\" data-e-type=\"widget\" data-widget_type=\"spacer.default\">\n\t\t\t\t<div class=\"elementor-widget-container\">\n\t\t\t\t\t\t\t<div class=\"elementor-spacer\">\n\t\t\t<div class=\"elementor-spacer-inner\"><\/div>\n\t\t<\/div>\n\t\t\t\t\t\t<\/div>\n\t\t\t\t<\/div>\n\t\t\t\t\t<\/div>\n\t\t<\/div>\n\t\t\t\t\t<\/div>\n\t\t<\/section>\n\t\t\t\t<section class=\"elementor-section elementor-top-section elementor-element elementor-element-d581303 elementor-section-boxed elementor-section-height-default elementor-section-height-default\" data-id=\"d581303\" data-element_type=\"section\" data-e-type=\"section\">\n\t\t\t\t\t\t<div class=\"elementor-container elementor-column-gap-default\">\n\t\t\t\t\t<div class=\"elementor-column elementor-col-100 elementor-top-column elementor-element elementor-element-760785e\" data-id=\"760785e\" data-element_type=\"column\" data-e-type=\"column\" data-settings=\"{&quot;background_background&quot;:&quot;gradient&quot;}\">\n\t\t\t<div class=\"elementor-widget-wrap elementor-element-populated\">\n\t\t\t\t\t\t<div class=\"elementor-element elementor-element-1c7cd94 elementor-widget elementor-widget-heading\" data-id=\"1c7cd94\" data-element_type=\"widget\" data-e-type=\"widget\" data-widget_type=\"heading.default\">\n\t\t\t\t<div class=\"elementor-widget-container\">\n\t\t\t\t\t<h2 class=\"elementor-heading-title elementor-size-default\">Nos H\u00e9bergements Innovants et l'Ecurie Participative<\/h2>\t\t\t\t<\/div>\n\t\t\t\t<\/div>\n\t\t\t\t<section class=\"elementor-section elementor-inner-section elementor-element elementor-element-75eb407 elementor-section-boxed elementor-section-height-default elementor-section-height-default\" data-id=\"75eb407\" data-element_type=\"section\" data-e-type=\"section\">\n\t\t\t\t\t\t<div class=\"elementor-container elementor-column-gap-default\">\n\t\t\t\t\t<div class=\"elementor-column elementor-col-50 elementor-inner-column elementor-element elementor-element-439e019\" data-id=\"439e019\" data-element_type=\"column\" data-e-type=\"column\">\n\t\t\t<div class=\"elementor-widget-wrap elementor-element-populated\">\n\t\t\t\t\t\t<div class=\"elementor-element elementor-element-9ac6853 elementor-widget elementor-widget-image\" data-id=\"9ac6853\" data-element_type=\"widget\" data-e-type=\"widget\" data-widget_type=\"image.default\">\n\t\t\t\t<div class=\"elementor-widget-container\">\n\t\t\t\t\t\t\t\t\t\t\t\t\t\t\t<img fetchpriority=\"high\" decoding=\"async\" width=\"768\" height=\"512\" src=\"https:\/\/permaculture-equine.fr\/wp-content\/uploads\/2021\/01\/diabolo-feuillage-768x512.jpg\" class=\"attachment-medium_large size-medium_large wp-image-1283\" alt=\"\" srcset=\"https:\/\/permaculture-equine.fr\/wp-content\/uploads\/2021\/01\/diabolo-feuillage-768x512.jpg 768w, https:\/\/permaculture-equine.fr\/wp-content\/uploads\/2021\/01\/diabolo-feuillage-300x200.jpg 300w, https:\/\/permaculture-equine.fr\/wp-content\/uploads\/2021\/01\/diabolo-feuillage-1024x683.jpg 1024w, https:\/\/permaculture-equine.fr\/wp-content\/uploads\/2021\/01\/diabolo-feuillage-1536x1024.jpg 1536w, https:\/\/permaculture-equine.fr\/wp-content\/uploads\/2021\/01\/diabolo-feuillage-2048x1365.jpg 2048w, https:\/\/permaculture-equine.fr\/wp-content\/uploads\/2021\/01\/diabolo-feuillage-600x400.jpg 600w\" sizes=\"(max-width: 768px) 100vw, 768px\" \/>\t\t\t\t\t\t\t\t\t\t\t\t\t\t\t<\/div>\n\t\t\t\t<\/div>\n\t\t\t\t\t<\/div>\n\t\t<\/div>\n\t\t\t\t<div class=\"elementor-column elementor-col-50 elementor-inner-column elementor-element elementor-element-fcee3d5\" data-id=\"fcee3d5\" data-element_type=\"column\" data-e-type=\"column\">\n\t\t\t<div class=\"elementor-widget-wrap elementor-element-populated\">\n\t\t\t\t\t\t<div class=\"elementor-element elementor-element-b190a6f elementor-widget elementor-widget-image\" data-id=\"b190a6f\" data-element_type=\"widget\" data-e-type=\"widget\" data-widget_type=\"image.default\">\n\t\t\t\t<div class=\"elementor-widget-container\">\n\t\t\t\t\t\t\t\t\t\t\t\t\t\t\t<img decoding=\"async\" width=\"1043\" height=\"659\" src=\"https:\/\/permaculture-equine.fr\/wp-content\/uploads\/2021\/01\/139424360_849966999133795_4848537925146034765_n.jpg\" class=\"attachment-1536x1536 size-1536x1536 wp-image-527\" alt=\"\" srcset=\"https:\/\/permaculture-equine.fr\/wp-content\/uploads\/2021\/01\/139424360_849966999133795_4848537925146034765_n.jpg 1043w, https:\/\/permaculture-equine.fr\/wp-content\/uploads\/2021\/01\/139424360_849966999133795_4848537925146034765_n-300x190.jpg 300w, https:\/\/permaculture-equine.fr\/wp-content\/uploads\/2021\/01\/139424360_849966999133795_4848537925146034765_n-1024x647.jpg 1024w, https:\/\/permaculture-equine.fr\/wp-content\/uploads\/2021\/01\/139424360_849966999133795_4848537925146034765_n-768x485.jpg 768w, https:\/\/permaculture-equine.fr\/wp-content\/uploads\/2021\/01\/139424360_849966999133795_4848537925146034765_n-600x379.jpg 600w\" sizes=\"(max-width: 1043px) 100vw, 1043px\" \/>\t\t\t\t\t\t\t\t\t\t\t\t\t\t\t<\/div>\n\t\t\t\t<\/div>\n\t\t\t\t\t<\/div>\n\t\t<\/div>\n\t\t\t\t\t<\/div>\n\t\t<\/section>\n\t\t\t\t<div class=\"elementor-element elementor-element-d3bbe22 elementor-widget elementor-widget-text-editor\" data-id=\"d3bbe22\" data-element_type=\"widget\" data-e-type=\"widget\" data-widget_type=\"text-editor.default\">\n\t\t\t\t<div class=\"elementor-widget-container\">\n\t\t\t\t\t\t\t\t\t<p>Cr\u00e9er une \u00e9curie participative au Val de Vie s&#8217;est impos\u00e9 \u00e0 moi lors de ma premi\u00e8re Certification de Designer en permaculture. Il s&#8217;agit de r\u00e9inventer l&#8217;accueil des chevaux.\u00a0<\/p><p>Les propri\u00e9taires de chevaux doivent faire face \u00e0 de nombreuses difficult\u00e9s :<\/p><ul><li>acc\u00e8s aux terres agricoles,<\/li><li>choix de pensions professionnelles qui offrent les garanties et les prestations souhait\u00e9es<\/li><li>finances insuffisantes<\/li><\/ul><p>Voil\u00e0 ce qui motive ma r\u00e9flexion sur la recherche d&#8217;une approche unique ax\u00e9e sur l&#8217;accessibilit\u00e9 pour un accueil des chevaux de qualit\u00e9.\u00a0<\/p><p>L&#8217;\u00e9curie participative permet aux propri\u00e9taires :<\/p><ul><li>d\u2019offrir \u00e0 leur cheval un h\u00e9bergement qui r\u00e9pond \u00e0 des crit\u00e8res \u00e9lev\u00e9s,\u00a0<\/li><li>de respecter la valeur du travail que cela repr\u00e9sente pour le professionnel auquel ils confient leur cheval.<\/li><\/ul><p>Malgr\u00e9 un travail en \u00e9quipe avec des juristes et des comptables de la fili\u00e8re, aucune solution l\u00e9gale n&#8217;a \u00e9t\u00e9 trouv\u00e9e pour permettre la cr\u00e9ation de cette nouvelle approche de la pension pour chevaux. Nous vous tiendrons inform\u00e9s si une autre piste est trouv\u00e9e.<\/p><p>Vous avez des id\u00e9es, des propositions \u00e0 nous faire ? Vous avez des suggestions ? Venez en parler dans le <a href=\"https:\/\/www.facebook.com\/groups\/httpspermacultureequine.fr\"><strong>Groupe de permaculture \u00e9quine.<\/strong><\/a><\/p><p>Vous pouvez aussi d\u00e9couvrir de nombreuses illustrations des h\u00e9bergements innovants sur piste sur notre <a href=\"https:\/\/www.pinterest.fr\/ValdeVie14\/_saved\/\"><strong>page Pinterest<\/strong><\/a>.<\/p>\t\t\t\t\t\t\t\t<\/div>\n\t\t\t\t<\/div>\n\t\t\t\t\t<\/div>\n\t\t<\/div>\n\t\t\t\t\t<\/div>\n\t\t<\/section>\n\t\t\t\t<section class=\"elementor-section elementor-top-section elementor-element elementor-element-79dc39b elementor-section-boxed elementor-section-height-default elementor-section-height-default\" data-id=\"79dc39b\" data-element_type=\"section\" data-e-type=\"section\">\n\t\t\t\t\t\t<div class=\"elementor-container elementor-column-gap-default\">\n\t\t\t\t\t<div class=\"elementor-column elementor-col-100 elementor-top-column elementor-element elementor-element-d86169e\" data-id=\"d86169e\" data-element_type=\"column\" data-e-type=\"column\">\n\t\t\t<div class=\"elementor-widget-wrap elementor-element-populated\">\n\t\t\t\t\t\t<div class=\"elementor-element elementor-element-c0074a0 elementor-widget elementor-widget-spacer\" data-id=\"c0074a0\" data-element_type=\"widget\" data-e-type=\"widget\" data-widget_type=\"spacer.default\">\n\t\t\t\t<div class=\"elementor-widget-container\">\n\t\t\t\t\t\t\t<div class=\"elementor-spacer\">\n\t\t\t<div class=\"elementor-spacer-inner\"><\/div>\n\t\t<\/div>\n\t\t\t\t\t\t<\/div>\n\t\t\t\t<\/div>\n\t\t\t\t\t<\/div>\n\t\t<\/div>\n\t\t\t\t\t<\/div>\n\t\t<\/section>\n\t\t\t\t<section class=\"elementor-section elementor-top-section elementor-element elementor-element-a55a50a elementor-section-boxed elementor-section-height-default elementor-section-height-default\" data-id=\"a55a50a\" data-element_type=\"section\" data-e-type=\"section\">\n\t\t\t\t\t\t<div class=\"elementor-container elementor-column-gap-default\">\n\t\t\t\t\t<div class=\"elementor-column elementor-col-100 elementor-top-column elementor-element elementor-element-eabb1f8\" data-id=\"eabb1f8\" data-element_type=\"column\" data-e-type=\"column\">\n\t\t\t<div class=\"elementor-widget-wrap elementor-element-populated\">\n\t\t\t\t\t\t<div class=\"elementor-element elementor-element-09358de elementor-widget elementor-widget-spacer\" data-id=\"09358de\" data-element_type=\"widget\" data-e-type=\"widget\" data-widget_type=\"spacer.default\">\n\t\t\t\t<div class=\"elementor-widget-container\">\n\t\t\t\t\t\t\t<div class=\"elementor-spacer\">\n\t\t\t<div class=\"elementor-spacer-inner\"><\/div>\n\t\t<\/div>\n\t\t\t\t\t\t<\/div>\n\t\t\t\t<\/div>\n\t\t\t\t\t<\/div>\n\t\t<\/div>\n\t\t\t\t\t<\/div>\n\t\t<\/section>\n\t\t\t\t<\/div>\n\t\t","protected":false},"excerpt":{"rendered":"<p>ACCUEIL DES CHEVAUX AU VAL DE VIE Nos H\u00e9bergements Innovants et l&#8217;Ecurie Participative Cr\u00e9er une \u00e9curie participative au Val de Vie s&#8217;est impos\u00e9 \u00e0 moi lors de ma premi\u00e8re Certification de Designer en permaculture. Il s&#8217;agit de r\u00e9inventer l&#8217;accueil des chevaux.\u00a0 Les propri\u00e9taires de chevaux doivent faire face \u00e0 de nombreuses difficult\u00e9s : acc\u00e8s aux&#8230;<\/p>","protected":false},"author":1,"featured_media":0,"parent":0,"menu_order":0,"comment_status":"closed","ping_status":"closed","template":"","meta":{"_monsterinsights_skip_tracking":false,"_monsterinsights_sitenote_active":false,"_monsterinsights_sitenote_note":"","_monsterinsights_sitenote_category":0,"_kadence_starter_templates_imported_post":false,"_kad_post_transparent":"","_kad_post_title":"hide","_kad_post_layout":"fullwidth","_kad_post_sidebar_id":"","_kad_post_content_style":"unboxed","_kad_post_vertical_padding":"hide","_kad_post_feature":"hide","_kad_post_feature_position":"","_kad_post_header":false,"_kad_post_footer":false,"_kad_post_classname":"","footnotes":""},"class_list":["post-249","page","type-page","status-publish","hentry"],"jetpack_sharing_enabled":true,"_links":{"self":[{"href":"https:\/\/permaculture-equine.fr\/en\/wp-json\/wp\/v2\/pages\/249","targetHints":{"allow":["GET"]}}],"collection":[{"href":"https:\/\/permaculture-equine.fr\/en\/wp-json\/wp\/v2\/pages"}],"about":[{"href":"https:\/\/permaculture-equine.fr\/en\/wp-json\/wp\/v2\/types\/page"}],"author":[{"embeddable":true,"href":"https:\/\/permaculture-equine.fr\/en\/wp-json\/wp\/v2\/users\/1"}],"replies":[{"embeddable":true,"href":"https:\/\/permaculture-equine.fr\/en\/wp-json\/wp\/v2\/comments?post=249"}],"version-history":[{"count":116,"href":"https:\/\/permaculture-equine.fr\/en\/wp-json\/wp\/v2\/pages\/249\/revisions"}],"predecessor-version":[{"id":11864,"href":"https:\/\/permaculture-equine.fr\/en\/wp-json\/wp\/v2\/pages\/249\/revisions\/11864"}],"wp:attachment":[{"href":"https:\/\/permaculture-equine.fr\/en\/wp-json\/wp\/v2\/media?parent=249"}],"curies":[{"name":"wp","href":"https:\/\/api.w.org\/{rel}","templated":true}]}}