{"id":247,"date":"2021-01-11T18:27:08","date_gmt":"2021-01-11T17:27:08","guid":{"rendered":"https:\/\/permaculture-equine.fr\/?page_id=247"},"modified":"2021-05-17T09:47:36","modified_gmt":"2021-05-17T07:47:36","slug":"accueil-et-partage","status":"publish","type":"page","link":"https:\/\/permaculture-equine.fr\/en\/accueil-et-partage\/","title":{"rendered":"For humans"},"content":{"rendered":"<div data-elementor-type=\"wp-page\" data-elementor-id=\"247\" class=\"elementor elementor-247\">\n\t\t\t\t\t\t<section class=\"elementor-section elementor-top-section elementor-element elementor-element-651c187 elementor-section-boxed elementor-section-height-default elementor-section-height-default\" data-id=\"651c187\" data-element_type=\"section\" data-e-type=\"section\">\n\t\t\t\t\t\t<div class=\"elementor-container elementor-column-gap-default\">\n\t\t\t\t\t<div class=\"elementor-column elementor-col-100 elementor-top-column elementor-element elementor-element-6bfca14\" data-id=\"6bfca14\" data-element_type=\"column\" data-e-type=\"column\">\n\t\t\t<div class=\"elementor-widget-wrap elementor-element-populated\">\n\t\t\t\t\t\t<div class=\"elementor-element elementor-element-87aaefa elementor-widget elementor-widget-spacer\" data-id=\"87aaefa\" data-element_type=\"widget\" data-e-type=\"widget\" data-widget_type=\"spacer.default\">\n\t\t\t\t<div class=\"elementor-widget-container\">\n\t\t\t\t\t\t\t<div class=\"elementor-spacer\">\n\t\t\t<div class=\"elementor-spacer-inner\"><\/div>\n\t\t<\/div>\n\t\t\t\t\t\t<\/div>\n\t\t\t\t<\/div>\n\t\t\t\t\t<\/div>\n\t\t<\/div>\n\t\t\t\t\t<\/div>\n\t\t<\/section>\n\t\t\t\t<section class=\"elementor-section elementor-top-section elementor-element elementor-element-b2fb235 elementor-section-boxed elementor-section-height-default elementor-section-height-default\" data-id=\"b2fb235\" data-element_type=\"section\" data-e-type=\"section\">\n\t\t\t\t\t\t<div class=\"elementor-container elementor-column-gap-default\">\n\t\t\t\t\t<div class=\"elementor-column elementor-col-100 elementor-top-column elementor-element elementor-element-c81401a\" data-id=\"c81401a\" data-element_type=\"column\" data-e-type=\"column\">\n\t\t\t<div class=\"elementor-widget-wrap elementor-element-populated\">\n\t\t\t\t\t\t<div class=\"elementor-element elementor-element-89aed49 elementor-widget elementor-widget-spacer\" data-id=\"89aed49\" data-element_type=\"widget\" data-e-type=\"widget\" data-widget_type=\"spacer.default\">\n\t\t\t\t<div class=\"elementor-widget-container\">\n\t\t\t\t\t\t\t<div class=\"elementor-spacer\">\n\t\t\t<div class=\"elementor-spacer-inner\"><\/div>\n\t\t<\/div>\n\t\t\t\t\t\t<\/div>\n\t\t\t\t<\/div>\n\t\t\t\t<div class=\"elementor-element elementor-element-1678207 elementor-widget elementor-widget-heading\" data-id=\"1678207\" data-element_type=\"widget\" data-e-type=\"widget\" data-widget_type=\"heading.default\">\n\t\t\t\t<div class=\"elementor-widget-container\">\n\t\t\t\t\t<h2 class=\"elementor-heading-title elementor-size-default\">OUR WELCOME PACKAGES during stays at VAL de VIE:<\/h2>\t\t\t\t<\/div>\n\t\t\t\t<\/div>\n\t\t\t\t<div class=\"elementor-element elementor-element-8ab6edb elementor-widget elementor-widget-heading\" data-id=\"8ab6edb\" data-element_type=\"widget\" data-e-type=\"widget\" data-widget_type=\"heading.default\">\n\t\t\t\t<div class=\"elementor-widget-container\">\n\t\t\t\t\t<h2 class=\"elementor-heading-title elementor-size-default\">for Students, Volunteers and Visitors<\/h2>\t\t\t\t<\/div>\n\t\t\t\t<\/div>\n\t\t\t\t<div class=\"elementor-element elementor-element-983133a elementor-widget elementor-widget-text-editor\" data-id=\"983133a\" data-element_type=\"widget\" data-e-type=\"widget\" data-widget_type=\"text-editor.default\">\n\t\t\t\t<div class=\"elementor-widget-container\">\n\t\t\t\t\t\t\t\t\t<p>We welcome you for your stays at Val de Vie in a setting located in the heart of the Pays d'Auge, in the valley of <em>la Vie<\/em> which runs along the ecodomain.<\/p><p>In accordance with the principles of permaculture you will have<\/p><ul><li>dry toilets<\/li><li>solar showers<\/li><li>but also comfort with a shower room and \u201cclassic\u201d toilets<\/li><\/ul>\t\t\t\t\t\t\t\t<\/div>\n\t\t\t\t<\/div>\n\t\t\t\t<div class=\"elementor-element elementor-element-ac13ec8 elementor-widget elementor-widget-spacer\" data-id=\"ac13ec8\" data-element_type=\"widget\" data-e-type=\"widget\" data-widget_type=\"spacer.default\">\n\t\t\t\t<div class=\"elementor-widget-container\">\n\t\t\t\t\t\t\t<div class=\"elementor-spacer\">\n\t\t\t<div class=\"elementor-spacer-inner\"><\/div>\n\t\t<\/div>\n\t\t\t\t\t\t<\/div>\n\t\t\t\t<\/div>\n\t\t\t\t\t<\/div>\n\t\t<\/div>\n\t\t\t\t\t<\/div>\n\t\t<\/section>\n\t\t\t\t<section class=\"elementor-section elementor-top-section elementor-element elementor-element-b7bf132 elementor-section-boxed elementor-section-height-default elementor-section-height-default\" data-id=\"b7bf132\" data-element_type=\"section\" data-e-type=\"section\">\n\t\t\t\t\t\t<div class=\"elementor-container elementor-column-gap-default\">\n\t\t\t\t\t<div class=\"elementor-column elementor-col-33 elementor-top-column elementor-element elementor-element-f293e1c\" data-id=\"f293e1c\" data-element_type=\"column\" data-e-type=\"column\">\n\t\t\t<div class=\"elementor-widget-wrap elementor-element-populated\">\n\t\t\t\t\t\t<div class=\"elementor-element elementor-element-99d33e4 elementor-widget elementor-widget-heading\" data-id=\"99d33e4\" data-element_type=\"widget\" data-e-type=\"widget\" data-widget_type=\"heading.default\">\n\t\t\t\t<div class=\"elementor-widget-container\">\n\t\t\t\t\t<h2 class=\"elementor-heading-title elementor-size-default\">Internships and Workshops\nof the ecodomain<\/h2>\t\t\t\t<\/div>\n\t\t\t\t<\/div>\n\t\t\t\t<div class=\"elementor-element elementor-element-9108873 elementor-widget elementor-widget-text-editor\" data-id=\"9108873\" data-element_type=\"widget\" data-e-type=\"widget\" data-widget_type=\"text-editor.default\">\n\t\t\t\t<div class=\"elementor-widget-container\">\n\t\t\t\t\t\t\t\t\t<p>The beaches and meanders of our pretty river \u201c<em>la Vie<\/em>la Vie\u201d offer a peaceful and welcoming setting for your stays at Val de Vie.<\/p><ul><li>During your introductory or deepening courses in equine permaculture<\/li><li>During the Workshops which take place over several days.<\/li><\/ul><p>To find out more, you can consult our pages :<\/p><ul><li><a href=\"https:\/\/permaculture-equine.fr\/index.php\/ateliers\/\"><strong>Practical workshops<\/strong><\/a><strong>\u00a0<\/strong><\/li><li><a href=\"https:\/\/permaculture-equine.fr\/index.php\/stages\/\"><strong>Trainings<\/strong><\/a><\/li><\/ul><p>Or just <strong><a href=\"https:\/\/permaculture-equine.fr\/index.php\/contact\/\">contact us<\/a><\/strong><\/p><p>You can also go to the <a href=\"https:\/\/www.facebook.com\/groups\/httpspermacultureequine.fr\"><strong>Equine permaculture group<\/strong><\/a> where internships and workshops are advertised.<\/p>\t\t\t\t\t\t\t\t<\/div>\n\t\t\t\t<\/div>\n\t\t\t\t<div class=\"elementor-element elementor-element-da00ee3 elementor-widget elementor-widget-spacer\" data-id=\"da00ee3\" data-element_type=\"widget\" data-e-type=\"widget\" data-widget_type=\"spacer.default\">\n\t\t\t\t<div class=\"elementor-widget-container\">\n\t\t\t\t\t\t\t<div class=\"elementor-spacer\">\n\t\t\t<div class=\"elementor-spacer-inner\"><\/div>\n\t\t<\/div>\n\t\t\t\t\t\t<\/div>\n\t\t\t\t<\/div>\n\t\t\t\t\t<\/div>\n\t\t<\/div>\n\t\t\t\t<div class=\"elementor-column elementor-col-33 elementor-top-column elementor-element elementor-element-a503027\" data-id=\"a503027\" data-element_type=\"column\" data-e-type=\"column\">\n\t\t\t<div class=\"elementor-widget-wrap elementor-element-populated\">\n\t\t\t\t\t\t<div class=\"elementor-element elementor-element-5f144b5 elementor-widget elementor-widget-heading\" data-id=\"5f144b5\" data-element_type=\"widget\" data-e-type=\"widget\" data-widget_type=\"heading.default\">\n\t\t\t\t<div class=\"elementor-widget-container\">\n\t\t\t\t\t<h2 class=\"elementor-heading-title elementor-size-default\">Participatory workshops - Woofing<\/h2>\t\t\t\t<\/div>\n\t\t\t\t<\/div>\n\t\t\t\t<div class=\"elementor-element elementor-element-9586706 elementor-widget elementor-widget-text-editor\" data-id=\"9586706\" data-element_type=\"widget\" data-e-type=\"widget\" data-widget_type=\"text-editor.default\">\n\t\t\t\t<div class=\"elementor-widget-container\">\n\t\t\t\t\t\t\t\t\t<p>We also offer hospitality for association volunteers and woofers on the ecodomain.<\/p><p>If you are interested, do not hesitate to <strong><a href=\"https:\/\/permaculture-equine.fr\/index.php\/contact\/\">contact us<\/a><\/strong> contact us to discuss it.<\/p><p><b>First participatory worksite\u00a0<\/b><b> season 2021: <\/b>End of March - the \u201cTrees\u201d<\/p><p>=&gt; <a href=\"https:\/\/permaculture-equine.fr\/wp-content\/uploads\/2021\/01\/chantier-participatif-arbres-mars-2021.pdf\"><strong>Brochure<span style=\"font-family: var( --e-global-typography-text-font-family ), Sans-serif; background-color: transparent;\">with information for this <\/span>participatory worksite<\/strong><\/a><span style=\"font-family: var( --e-global-typography-text-font-family ), Sans-serif; font-weight: var( --e-global-typography-text-font-weight ); background-color: transparent;\"><strong>.<\/strong> (pdf)<\/span><\/p><div>\u00a0<\/div>\t\t\t\t\t\t\t\t<\/div>\n\t\t\t\t<\/div>\n\t\t\t\t\t<\/div>\n\t\t<\/div>\n\t\t\t\t<div class=\"elementor-column elementor-col-33 elementor-top-column elementor-element elementor-element-92d79b7\" data-id=\"92d79b7\" data-element_type=\"column\" data-e-type=\"column\">\n\t\t\t<div class=\"elementor-widget-wrap elementor-element-populated\">\n\t\t\t\t\t\t<div class=\"elementor-element elementor-element-de9bea0 elementor-widget elementor-widget-heading\" data-id=\"de9bea0\" data-element_type=\"widget\" data-e-type=\"widget\" data-widget_type=\"heading.default\">\n\t\t\t\t<div class=\"elementor-widget-container\">\n\t\t\t\t\t<h2 class=\"elementor-heading-title elementor-size-default\">Camping in Val de Vie<\/h2>\t\t\t\t<\/div>\n\t\t\t\t<\/div>\n\t\t\t\t<div class=\"elementor-element elementor-element-662eca9 elementor-widget elementor-widget-spacer\" data-id=\"662eca9\" data-element_type=\"widget\" data-e-type=\"widget\" data-widget_type=\"spacer.default\">\n\t\t\t\t<div class=\"elementor-widget-container\">\n\t\t\t\t\t\t\t<div class=\"elementor-spacer\">\n\t\t\t<div class=\"elementor-spacer-inner\"><\/div>\n\t\t<\/div>\n\t\t\t\t\t\t<\/div>\n\t\t\t\t<\/div>\n\t\t\t\t<div class=\"elementor-element elementor-element-6751e16 elementor-widget elementor-widget-text-editor\" data-id=\"6751e16\" data-element_type=\"widget\" data-e-type=\"widget\" data-widget_type=\"text-editor.default\">\n\t\t\t\t<div class=\"elementor-widget-container\">\n\t\t\t\t\t\t\t\t\t<p><strong>Camping at the farm :<\/strong><strong>for all<\/strong><\/p><p>The ecodomain offers 6 pitches on the banks and meanders of the river <em>(from summer 2021)<\/em>.<\/p><ul><li>Very low prices,<\/li><li>Reservation required<\/li><li>For the safety of the horses, your four-legged friends cannot accompany you<\/li><\/ul><p>If you want to come, don't hesitate to <strong><a href=\"https:\/\/permaculture-equine.fr\/index.php\/contact\/\">contact us<\/a><\/strong><\/p>\t\t\t\t\t\t\t\t<\/div>\n\t\t\t\t<\/div>\n\t\t\t\t\t<\/div>\n\t\t<\/div>\n\t\t\t\t\t<\/div>\n\t\t<\/section>\n\t\t\t\t<section class=\"elementor-section elementor-top-section elementor-element elementor-element-8e2003a elementor-section-boxed elementor-section-height-default elementor-section-height-default\" data-id=\"8e2003a\" data-element_type=\"section\" data-e-type=\"section\">\n\t\t\t\t\t\t<div class=\"elementor-container elementor-column-gap-default\">\n\t\t\t\t\t<div class=\"elementor-column elementor-col-33 elementor-top-column elementor-element elementor-element-d868256\" data-id=\"d868256\" data-element_type=\"column\" data-e-type=\"column\" data-settings=\"{&quot;background_background&quot;:&quot;classic&quot;}\">\n\t\t\t<div class=\"elementor-widget-wrap elementor-element-populated\">\n\t\t\t\t\t\t<div class=\"elementor-element elementor-element-300431e elementor-widget elementor-widget-image\" data-id=\"300431e\" data-element_type=\"widget\" data-e-type=\"widget\" data-widget_type=\"image.default\">\n\t\t\t\t<div class=\"elementor-widget-container\">\n\t\t\t\t\t\t\t\t\t\t\t\t\t\t\t<img fetchpriority=\"high\" decoding=\"async\" width=\"528\" height=\"960\" src=\"https:\/\/permaculture-equine.fr\/wp-content\/uploads\/2021\/03\/110026932_10221097089730992_85484378115142645_n.jpg\" class=\"attachment-large size-large wp-image-4288\" alt=\"\" srcset=\"https:\/\/permaculture-equine.fr\/wp-content\/uploads\/2021\/03\/110026932_10221097089730992_85484378115142645_n.jpg 528w, https:\/\/permaculture-equine.fr\/wp-content\/uploads\/2021\/03\/110026932_10221097089730992_85484378115142645_n-165x300.jpg 165w, https:\/\/permaculture-equine.fr\/wp-content\/uploads\/2021\/03\/110026932_10221097089730992_85484378115142645_n-7x12.jpg 7w\" sizes=\"(max-width: 528px) 100vw, 528px\" \/>\t\t\t\t\t\t\t\t\t\t\t\t\t\t\t<\/div>\n\t\t\t\t<\/div>\n\t\t\t\t\t<\/div>\n\t\t<\/div>\n\t\t\t\t<div class=\"elementor-column elementor-col-33 elementor-top-column elementor-element elementor-element-60f3543\" data-id=\"60f3543\" data-element_type=\"column\" data-e-type=\"column\" data-settings=\"{&quot;background_background&quot;:&quot;classic&quot;}\">\n\t\t\t<div class=\"elementor-widget-wrap elementor-element-populated\">\n\t\t\t\t\t\t<div class=\"elementor-element elementor-element-4f8081a elementor-widget elementor-widget-image\" data-id=\"4f8081a\" data-element_type=\"widget\" data-e-type=\"widget\" data-widget_type=\"image.default\">\n\t\t\t\t<div class=\"elementor-widget-container\">\n\t\t\t\t\t\t\t\t\t\t\t\t\t\t\t<img decoding=\"async\" width=\"528\" height=\"960\" src=\"https:\/\/permaculture-equine.fr\/wp-content\/uploads\/2021\/01\/134590242_232888848338284_4541848860631038257_n-1024x683.jpg\" class=\"attachment-1536x1536 size-1536x1536 wp-image-4290\" alt=\"\" srcset=\"\" sizes=\"(max-width: 528px) 100vw, 528px\" data-srcset=\"\" \/>\t\t\t\t\t\t\t\t\t\t\t\t\t\t\t<\/div>\n\t\t\t\t<\/div>\n\t\t\t\t\t<\/div>\n\t\t<\/div>\n\t\t\t\t<div class=\"elementor-column elementor-col-33 elementor-top-column elementor-element elementor-element-5474ead\" data-id=\"5474ead\" data-element_type=\"column\" data-e-type=\"column\" data-settings=\"{&quot;background_background&quot;:&quot;classic&quot;}\">\n\t\t\t<div class=\"elementor-widget-wrap elementor-element-populated\">\n\t\t\t\t\t\t<div class=\"elementor-element elementor-element-121cd29 elementor-widget elementor-widget-image\" data-id=\"121cd29\" data-element_type=\"widget\" data-e-type=\"widget\" data-widget_type=\"image.default\">\n\t\t\t\t<div class=\"elementor-widget-container\">\n\t\t\t\t\t\t\t\t\t\t\t\t\t\t\t<img decoding=\"async\" width=\"528\" height=\"960\" src=\"https:\/\/permaculture-equine.fr\/wp-content\/uploads\/2021\/03\/110302750_10221097088090951_5844196221822542486_n.jpg\" class=\"attachment-large size-large wp-image-4291\" alt=\"\" srcset=\"https:\/\/permaculture-equine.fr\/wp-content\/uploads\/2021\/03\/110302750_10221097088090951_5844196221822542486_n.jpg 528w, https:\/\/permaculture-equine.fr\/wp-content\/uploads\/2021\/03\/110302750_10221097088090951_5844196221822542486_n-165x300.jpg 165w, https:\/\/permaculture-equine.fr\/wp-content\/uploads\/2021\/03\/110302750_10221097088090951_5844196221822542486_n-7x12.jpg 7w\" sizes=\"(max-width: 528px) 100vw, 528px\" \/>\t\t\t\t\t\t\t\t\t\t\t\t\t\t\t<\/div>\n\t\t\t\t<\/div>\n\t\t\t\t\t<\/div>\n\t\t<\/div>\n\t\t\t\t\t<\/div>\n\t\t<\/section>\n\t\t\t\t<section class=\"elementor-section elementor-top-section elementor-element elementor-element-7c5fe1f elementor-section-boxed elementor-section-height-default elementor-section-height-default\" data-id=\"7c5fe1f\" data-element_type=\"section\" data-e-type=\"section\">\n\t\t\t\t\t\t<div class=\"elementor-container elementor-column-gap-default\">\n\t\t\t\t\t<div class=\"elementor-column elementor-col-100 elementor-top-column elementor-element elementor-element-058c8ec\" data-id=\"058c8ec\" data-element_type=\"column\" data-e-type=\"column\">\n\t\t\t<div class=\"elementor-widget-wrap elementor-element-populated\">\n\t\t\t\t\t\t<div class=\"elementor-element elementor-element-fd8a676 elementor-widget elementor-widget-spacer\" data-id=\"fd8a676\" data-element_type=\"widget\" data-e-type=\"widget\" data-widget_type=\"spacer.default\">\n\t\t\t\t<div class=\"elementor-widget-container\">\n\t\t\t\t\t\t\t<div class=\"elementor-spacer\">\n\t\t\t<div class=\"elementor-spacer-inner\"><\/div>\n\t\t<\/div>\n\t\t\t\t\t\t<\/div>\n\t\t\t\t<\/div>\n\t\t\t\t\t<\/div>\n\t\t<\/div>\n\t\t\t\t\t<\/div>\n\t\t<\/section>\n\t\t\t\t<\/div>","protected":false},"excerpt":{"rendered":"<p>NOS FORMULES d&#8217;ACCUEIL lors des s\u00e9jours au VAL de VIE : pour les Stagiaires, les B\u00e9n\u00e9voles et les Visiteurs Nous vous accueillons pour vos s\u00e9jours au Val de Vie dans un \u00e9crin situ\u00e9 au c\u0153ur du Pays d&#8217;Auge, dans la vall\u00e9e de la Vie qui longe l&#8217;\u00e9codomaine. Dans le respect des principes de la permaculture&#8230;<\/p>","protected":false},"author":1,"featured_media":0,"parent":0,"menu_order":0,"comment_status":"closed","ping_status":"closed","template":"","meta":{"_monsterinsights_skip_tracking":false,"_monsterinsights_sitenote_active":false,"_monsterinsights_sitenote_note":"","_monsterinsights_sitenote_category":0,"_kadence_starter_templates_imported_post":false,"_kad_post_transparent":"","_kad_post_title":"hide","_kad_post_layout":"fullwidth","_kad_post_sidebar_id":"","_kad_post_content_style":"unboxed","_kad_post_vertical_padding":"hide","_kad_post_feature":"hide","_kad_post_feature_position":"","_kad_post_header":false,"_kad_post_footer":false,"_kad_post_classname":"","footnotes":""},"class_list":["post-247","page","type-page","status-publish","hentry"],"jetpack_sharing_enabled":true,"_links":{"self":[{"href":"https:\/\/permaculture-equine.fr\/en\/wp-json\/wp\/v2\/pages\/247","targetHints":{"allow":["GET"]}}],"collection":[{"href":"https:\/\/permaculture-equine.fr\/en\/wp-json\/wp\/v2\/pages"}],"about":[{"href":"https:\/\/permaculture-equine.fr\/en\/wp-json\/wp\/v2\/types\/page"}],"author":[{"embeddable":true,"href":"https:\/\/permaculture-equine.fr\/en\/wp-json\/wp\/v2\/users\/1"}],"replies":[{"embeddable":true,"href":"https:\/\/permaculture-equine.fr\/en\/wp-json\/wp\/v2\/comments?post=247"}],"version-history":[{"count":140,"href":"https:\/\/permaculture-equine.fr\/en\/wp-json\/wp\/v2\/pages\/247\/revisions"}],"predecessor-version":[{"id":7164,"href":"https:\/\/permaculture-equine.fr\/en\/wp-json\/wp\/v2\/pages\/247\/revisions\/7164"}],"wp:attachment":[{"href":"https:\/\/permaculture-equine.fr\/en\/wp-json\/wp\/v2\/media?parent=247"}],"curies":[{"name":"wp","href":"https:\/\/api.w.org\/{rel}","templated":true}]}}